{"id":5801,"date":"2026-01-30T13:44:54","date_gmt":"2026-01-30T13:44:54","guid":{"rendered":"https:\/\/conceptmarketing.al\/?page_id=5801"},"modified":"2026-02-09T11:45:50","modified_gmt":"2026-02-09T11:45:50","slug":"terms-conditions","status":"publish","type":"page","link":"https:\/\/conceptmarketing.al\/sq\/terms-conditions\/","title":{"rendered":"Terms &#038; Conditions"},"content":{"rendered":"<div data-elementor-type=\"wp-page\" data-elementor-id=\"5801\" class=\"elementor elementor-5801\" data-elementor-post-type=\"page\">\n\t\t\t\t<div class=\"elementor-element elementor-element-5ae1e191 e-flex e-con-boxed e-con e-parent\" data-id=\"5ae1e191\" data-element_type=\"container\" data-e-type=\"container\" data-settings=\"{&quot;tc_container_hover_selector&quot;:&quot;container&quot;,&quot;tc_container_background_parallax&quot;:&quot;no&quot;,&quot;tcg_advanced_hover&quot;:&quot;no&quot;,&quot;tc_dark_mode_responsive_hide_in_dark&quot;:&quot;no&quot;,&quot;tc_dark_mode_responsive_hide_in_light&quot;:&quot;no&quot;}\">\n\t\t\t\t\t<div class=\"e-con-inner\">\n\t\t\t\t<div class=\"elementor-element elementor-element-b5c377b elementor-widget elementor-widget-heading\" data-id=\"b5c377b\" data-element_type=\"widget\" data-e-type=\"widget\" data-settings=\"{&quot;tc_dark_mode_responsive_hide_in_dark&quot;:&quot;no&quot;,&quot;tc_dark_mode_responsive_hide_in_light&quot;:&quot;no&quot;}\" data-widget_type=\"heading.default\">\n\t\t\t\t<div class=\"elementor-widget-container\">\n\t\t\t\t\t<h2 class=\"elementor-heading-title elementor-size-default\">Kushtet dhe Rregullat<\/h2>\t\t\t\t<\/div>\n\t\t\t\t<\/div>\n\t\t\t\t<div class=\"elementor-element elementor-element-70a6ba66 elementor-widget elementor-widget-text-editor\" data-id=\"70a6ba66\" data-element_type=\"widget\" data-e-type=\"widget\" data-settings=\"{&quot;tc_dark_mode_responsive_hide_in_dark&quot;:&quot;no&quot;,&quot;tc_dark_mode_responsive_hide_in_light&quot;:&quot;no&quot;}\" data-widget_type=\"text-editor.default\">\n\t\t\t\t<div class=\"elementor-widget-container\">\n\t\t\t\t\t\t\t\t\t<p data-start=\"121\" data-end=\"155\"><strong data-start=\"121\" data-end=\"155\">P\u00ebrdit\u00ebsuar s\u00eb fundmi: 30 Janar 2026<\/strong><\/p>\t\t\t\t\t\t\t\t<\/div>\n\t\t\t\t<\/div>\n\t\t\t\t<div class=\"elementor-element elementor-element-da708c5 elementor-widget elementor-widget-heading\" data-id=\"da708c5\" data-element_type=\"widget\" data-e-type=\"widget\" data-settings=\"{&quot;tc_dark_mode_responsive_hide_in_dark&quot;:&quot;no&quot;,&quot;tc_dark_mode_responsive_hide_in_light&quot;:&quot;no&quot;}\" data-widget_type=\"heading.default\">\n\t\t\t\t<div class=\"elementor-widget-container\">\n\t\t\t\t\t<h2 class=\"elementor-heading-title elementor-size-default\">Kushtet e p\u00ebrdorimit<\/h2>\t\t\t\t<\/div>\n\t\t\t\t<\/div>\n\t\t\t\t<div class=\"elementor-element elementor-element-57d6adc elementor-widget elementor-widget-text-editor\" data-id=\"57d6adc\" data-element_type=\"widget\" data-e-type=\"widget\" data-settings=\"{&quot;tc_dark_mode_responsive_hide_in_dark&quot;:&quot;no&quot;,&quot;tc_dark_mode_responsive_hide_in_light&quot;:&quot;no&quot;}\" data-widget_type=\"text-editor.default\">\n\t\t\t\t<div class=\"elementor-widget-container\">\n\t\t\t\t\t\t\t\t\t<p>Duke aksesuar dhe p\u00ebrdorur faqen e internetit https:\/\/conceptmarketing.al\n, ju konfirmoni se pranoni plot\u00ebsisht k\u00ebto Kushte &amp; Terma. Faqja ofrohet p\u00ebr q\u00ebllime informative dhe profesionale n\u00eb lidhje me sh\u00ebrbimet e ofruara nga Concept Marketing Albania. Ne rezervojm\u00eb t\u00eb drejt\u00ebn t\u00eb modifikojm\u00eb, p\u00ebrdit\u00ebsojm\u00eb ose heqim p\u00ebrmbajtje n\u00eb \u00e7do koh\u00eb, pa njoftim paraprak. P\u00ebrdorimi i vazhduesh\u00ebm i faqes p\u00ebrb\u00ebn pranimin e \u00e7do ndryshimi t\u00eb b\u00ebr\u00eb n\u00eb k\u00ebto kushte.<\/p>\t\t\t\t\t\t\t\t<\/div>\n\t\t\t\t<\/div>\n\t\t\t\t<div class=\"elementor-element elementor-element-0927814 elementor-widget elementor-widget-heading\" data-id=\"0927814\" data-element_type=\"widget\" data-e-type=\"widget\" data-settings=\"{&quot;tc_dark_mode_responsive_hide_in_dark&quot;:&quot;no&quot;,&quot;tc_dark_mode_responsive_hide_in_light&quot;:&quot;no&quot;}\" data-widget_type=\"heading.default\">\n\t\t\t\t<div class=\"elementor-widget-container\">\n\t\t\t\t\t<h2 class=\"elementor-heading-title elementor-size-default\">Pron\u00ebsia Intelektuale &amp; P\u00ebrmbajtja<\/h2>\t\t\t\t<\/div>\n\t\t\t\t<\/div>\n\t\t\t\t<div class=\"elementor-element elementor-element-a402a07 elementor-widget elementor-widget-text-editor\" data-id=\"a402a07\" data-element_type=\"widget\" data-e-type=\"widget\" data-settings=\"{&quot;tc_dark_mode_responsive_hide_in_dark&quot;:&quot;no&quot;,&quot;tc_dark_mode_responsive_hide_in_light&quot;:&quot;no&quot;}\" data-widget_type=\"text-editor.default\">\n\t\t\t\t<div class=\"elementor-widget-container\">\n\t\t\t\t\t\t\t\t\t<p>E gjith\u00eb p\u00ebrmbajtja e disponueshme n\u00eb k\u00ebt\u00eb faqe interneti, duke p\u00ebrfshir\u00eb por pa u kufizuar n\u00eb tekst, imazhe, grafika, video, logo, struktura, dhe elemente dizajni, \u00ebsht\u00eb pron\u00eb e Concept Marketing Albania, p\u00ebrve\u00e7 rasteve kur p\u00ebrcaktohet ndryshe. \u00c7do riprodhim, shp\u00ebrndarje, modifikim ose p\u00ebrdorim i p\u00ebrmbajtjes s\u00eb faqes pa autorizim paraprak me shkrim \u00ebsht\u00eb rrept\u00ebsisht i ndaluar. Materialet ose markat tregtare t\u00eb pal\u00ebve t\u00eb treta t\u00eb paraqitura n\u00eb faqe mbeten pron\u00eb e pronar\u00ebve p\u00ebrkat\u00ebs dhe p\u00ebrdoren vet\u00ebm p\u00ebr q\u00ebllime identifikimi ose reference.<\/p>\t\t\t\t\t\t\t\t<\/div>\n\t\t\t\t<\/div>\n\t\t\t\t<div class=\"elementor-element elementor-element-8b826ba elementor-widget elementor-widget-heading\" data-id=\"8b826ba\" data-element_type=\"widget\" data-e-type=\"widget\" data-settings=\"{&quot;tc_dark_mode_responsive_hide_in_dark&quot;:&quot;no&quot;,&quot;tc_dark_mode_responsive_hide_in_light&quot;:&quot;no&quot;}\" data-widget_type=\"heading.default\">\n\t\t\t\t<div class=\"elementor-widget-container\">\n\t\t\t\t\t<h2 class=\"elementor-heading-title elementor-size-default\">Kufizimi i P\u00ebrgjegj\u00ebsis\u00eb<\/h2>\t\t\t\t<\/div>\n\t\t\t\t<\/div>\n\t\t\t\t<div class=\"elementor-element elementor-element-5b73900 elementor-widget elementor-widget-text-editor\" data-id=\"5b73900\" data-element_type=\"widget\" data-e-type=\"widget\" data-settings=\"{&quot;tc_dark_mode_responsive_hide_in_dark&quot;:&quot;no&quot;,&quot;tc_dark_mode_responsive_hide_in_light&quot;:&quot;no&quot;}\" data-widget_type=\"text-editor.default\">\n\t\t\t\t<div class=\"elementor-widget-container\">\n\t\t\t\t\t\t\t\t\t<p data-start=\"1323\" data-end=\"1789\">Concept Marketing Albania nuk mban p\u00ebrgjegj\u00ebsi p\u00ebr asnj\u00eb d\u00ebm t\u00eb drejtp\u00ebrdrejt\u00eb, t\u00eb t\u00ebrthort\u00eb apo pasues q\u00eb rrjedh nga p\u00ebrdorimi, ose pamund\u00ebsia p\u00ebr t\u00eb p\u00ebrdorur, k\u00ebt\u00eb faqe interneti. Kjo p\u00ebrfshin, por nuk kufizohet vet\u00ebm n\u00eb, probleme teknike, gabime, pasakt\u00ebsi, nd\u00ebrprerje ose mosdisponueshm\u00ebri t\u00eb p\u00ebrkohshme t\u00eb faqes. Megjith\u00ebse synojm\u00eb q\u00eb t\u00eb gjitha informacionet t\u00eb jen\u00eb t\u00eb sakta dhe t\u00eb p\u00ebrdit\u00ebsuara, ne nuk garantojm\u00eb plot\u00ebsin\u00eb, besueshm\u00ebrin\u00eb apo p\u00ebrshtatshm\u00ebrin\u00eb e p\u00ebrmbajtjes p\u00ebr ndonj\u00eb q\u00ebllim specifik.<\/p>\t\t\t\t\t\t\t\t<\/div>\n\t\t\t\t<\/div>\n\t\t\t\t<div class=\"elementor-element elementor-element-d77af0e elementor-widget elementor-widget-heading\" data-id=\"d77af0e\" data-element_type=\"widget\" data-e-type=\"widget\" data-settings=\"{&quot;tc_dark_mode_responsive_hide_in_dark&quot;:&quot;no&quot;,&quot;tc_dark_mode_responsive_hide_in_light&quot;:&quot;no&quot;}\" data-widget_type=\"heading.default\">\n\t\t\t\t<div class=\"elementor-widget-container\">\n\t\t\t\t\t<h2 class=\"elementor-heading-title elementor-size-default\">Ligji i Zbatuesh\u00ebm dhe Ndryshimet<\/h2>\t\t\t\t<\/div>\n\t\t\t\t<\/div>\n\t\t\t\t<div class=\"elementor-element elementor-element-3477bba elementor-widget elementor-widget-text-editor\" data-id=\"3477bba\" data-element_type=\"widget\" data-e-type=\"widget\" data-settings=\"{&quot;tc_dark_mode_responsive_hide_in_dark&quot;:&quot;no&quot;,&quot;tc_dark_mode_responsive_hide_in_light&quot;:&quot;no&quot;}\" data-widget_type=\"text-editor.default\">\n\t\t\t\t<div class=\"elementor-widget-container\">\n\t\t\t\t\t\t\t\t\t<p data-start=\"3133\" data-end=\"3200\">K\u00ebto Kushte &amp; Terma rregullohen nga legjislacioni dhe rregulloret n\u00eb fuqi. \u00c7do mosmarr\u00ebveshje q\u00eb lind n\u00eb lidhje me p\u00ebrdorimin e k\u00ebsaj faqeje interneti do t\u2019i n\u00ebnshtrohet juridiksionit p\u00ebrkat\u00ebs ligjor. Ne rezervojm\u00eb t\u00eb drejt\u00ebn t\u00eb rishikojm\u00eb k\u00ebto Kushte &amp; Terma n\u00eb \u00e7do koh\u00eb, dhe p\u00ebrdorimi i vazhduesh\u00ebm i faqes p\u00ebrb\u00ebn pranimin tuaj t\u00eb kushteve t\u00eb p\u00ebrdit\u00ebsuara.<\/p>\t\t\t\t\t\t\t\t<\/div>\n\t\t\t\t<\/div>\n\t\t\t\t\t<\/div>\n\t\t\t\t<\/div>\n\t\t\t\t<\/div>","protected":false},"excerpt":{"rendered":"<p>Terms &amp; Conditions Last updated: January 30, 2026 Use of the Website By accessing and using the website https:\/\/conceptmarketing.al, you confirm that you accept these Terms &amp; Conditions in full. The website is provided for informational and professional purposes related to the services offered by Concept Marketing Albania. We reserve the right to modify, update, or remove content at any &hellip;<\/p>","protected":false},"author":1,"featured_media":0,"parent":0,"menu_order":0,"comment_status":"closed","ping_status":"closed","template":"elementor_header_footer","meta":{"inline_featured_image":false,"footnotes":""},"class_list":["post-5801","page","type-page","status-publish","hentry"],"_links":{"self":[{"href":"https:\/\/conceptmarketing.al\/sq\/wp-json\/wp\/v2\/pages\/5801","targetHints":{"allow":["GET"]}}],"collection":[{"href":"https:\/\/conceptmarketing.al\/sq\/wp-json\/wp\/v2\/pages"}],"about":[{"href":"https:\/\/conceptmarketing.al\/sq\/wp-json\/wp\/v2\/types\/page"}],"author":[{"embeddable":true,"href":"https:\/\/conceptmarketing.al\/sq\/wp-json\/wp\/v2\/users\/1"}],"replies":[{"embeddable":true,"href":"https:\/\/conceptmarketing.al\/sq\/wp-json\/wp\/v2\/comments?post=5801"}],"version-history":[{"count":4,"href":"https:\/\/conceptmarketing.al\/sq\/wp-json\/wp\/v2\/pages\/5801\/revisions"}],"predecessor-version":[{"id":5805,"href":"https:\/\/conceptmarketing.al\/sq\/wp-json\/wp\/v2\/pages\/5801\/revisions\/5805"}],"wp:attachment":[{"href":"https:\/\/conceptmarketing.al\/sq\/wp-json\/wp\/v2\/media?parent=5801"}],"curies":[{"name":"wp","href":"https:\/\/api.w.org\/{rel}","templated":true}]}}