{"id":5765,"date":"2026-01-30T13:06:57","date_gmt":"2026-01-30T13:06:57","guid":{"rendered":"https:\/\/conceptmarketing.al\/?page_id=5765"},"modified":"2026-02-13T08:37:17","modified_gmt":"2026-02-13T08:37:17","slug":"event-marketing-albania","status":"publish","type":"page","link":"https:\/\/conceptmarketing.al\/sq\/services\/event-marketing-albania\/","title":{"rendered":"Marketing i Eventeve"},"content":{"rendered":"<div data-elementor-type=\"wp-page\" data-elementor-id=\"5765\" class=\"elementor elementor-5765\" data-elementor-post-type=\"page\">\n\t\t\t\t<div class=\"elementor-element elementor-element-760f41fc e-con-full e-flex e-con e-parent\" data-id=\"760f41fc\" data-element_type=\"container\" data-e-type=\"container\" data-settings=\"{&quot;tc_container_hover_selector&quot;:&quot;container&quot;,&quot;tc_container_background_parallax&quot;:&quot;no&quot;,&quot;tcg_advanced_hover&quot;:&quot;no&quot;,&quot;tc_dark_mode_responsive_hide_in_dark&quot;:&quot;no&quot;,&quot;tc_dark_mode_responsive_hide_in_light&quot;:&quot;no&quot;}\">\n\t\t<div class=\"elementor-element elementor-element-7cb0cc45 e-flex e-con-boxed e-con e-child\" data-id=\"7cb0cc45\" data-element_type=\"container\" data-e-type=\"container\" data-settings=\"{&quot;tc_container_hover_selector&quot;:&quot;container&quot;,&quot;tc_container_background_parallax&quot;:&quot;no&quot;,&quot;tcg_advanced_hover&quot;:&quot;no&quot;,&quot;tc_dark_mode_responsive_hide_in_dark&quot;:&quot;no&quot;,&quot;tc_dark_mode_responsive_hide_in_light&quot;:&quot;no&quot;}\">\n\t\t\t\t\t<div class=\"e-con-inner\">\n\t\t\t\t<div class=\"elementor-element elementor-element-70c4b45b elementor-widget elementor-widget-heading\" data-id=\"70c4b45b\" data-element_type=\"widget\" data-e-type=\"widget\" data-settings=\"{&quot;tc_dark_mode_responsive_hide_in_dark&quot;:&quot;no&quot;,&quot;tc_dark_mode_responsive_hide_in_light&quot;:&quot;no&quot;}\" data-widget_type=\"heading.default\">\n\t\t\t\t<div class=\"elementor-widget-container\">\n\t\t\t\t\t<h1 class=\"elementor-heading-title elementor-size-default\">Event <br>\nMarketing<\/h1>\t\t\t\t<\/div>\n\t\t\t\t<\/div>\n\t\t<div class=\"elementor-element elementor-element-3e02ebd e-con-full e-flex e-con e-child\" data-id=\"3e02ebd\" data-element_type=\"container\" data-e-type=\"container\" data-settings=\"{&quot;tc_container_hover_selector&quot;:&quot;container&quot;,&quot;tc_container_background_parallax&quot;:&quot;no&quot;,&quot;tcg_advanced_hover&quot;:&quot;no&quot;,&quot;tc_dark_mode_responsive_hide_in_dark&quot;:&quot;no&quot;,&quot;tc_dark_mode_responsive_hide_in_light&quot;:&quot;no&quot;}\">\n\t\t<div class=\"elementor-element elementor-element-49d79213 e-con-full e-flex e-con e-child\" data-id=\"49d79213\" data-element_type=\"container\" data-e-type=\"container\" data-settings=\"{&quot;tc_container_hover_selector&quot;:&quot;container&quot;,&quot;tc_container_background_parallax&quot;:&quot;no&quot;,&quot;tcg_advanced_hover&quot;:&quot;no&quot;,&quot;tc_dark_mode_responsive_hide_in_dark&quot;:&quot;no&quot;,&quot;tc_dark_mode_responsive_hide_in_light&quot;:&quot;no&quot;}\">\n\t\t\t\t<div class=\"elementor-element elementor-element-390a32bc elementor-widget elementor-widget-heading\" data-id=\"390a32bc\" data-element_type=\"widget\" data-e-type=\"widget\" data-settings=\"{&quot;tc_dark_mode_responsive_hide_in_dark&quot;:&quot;no&quot;,&quot;tc_dark_mode_responsive_hide_in_light&quot;:&quot;no&quot;}\" data-widget_type=\"heading.default\">\n\t\t\t\t<div class=\"elementor-widget-container\">\n\t\t\t\t\t<p class=\"elementor-heading-title elementor-size-default\">Qasja jon\u00eb kombinon planifikimin strategjik, drejtimin kreativ dhe ekzekutimin e koordinuar p\u00ebr t\u00eb siguruar q\u00eb \u00e7do event t\u00eb funksionoj\u00eb si nj\u00eb mjet i fort\u00eb komunikimi. Nga koncepti te dukshm\u00ebria, eventet i trajtojm\u00eb si p\u00ebrvoja t\u00eb integruara brand-i, jo si momente t\u00eb izoluara.<\/p>\t\t\t\t<\/div>\n\t\t\t\t<\/div>\n\t\t\t\t<\/div>\n\t\t<div class=\"elementor-element elementor-element-2478ecdb e-con-full e-flex e-con e-child\" data-id=\"2478ecdb\" data-element_type=\"container\" data-e-type=\"container\" data-settings=\"{&quot;tc_container_hover_selector&quot;:&quot;container&quot;,&quot;tc_container_background_parallax&quot;:&quot;no&quot;,&quot;tcg_advanced_hover&quot;:&quot;no&quot;,&quot;tc_dark_mode_responsive_hide_in_dark&quot;:&quot;no&quot;,&quot;tc_dark_mode_responsive_hide_in_light&quot;:&quot;no&quot;}\">\n\t\t\t\t<div class=\"elementor-element elementor-element-615e19b9 elementor-icon-list--layout-traditional elementor-list-item-link-full_width elementor-widget elementor-widget-icon-list\" data-id=\"615e19b9\" data-element_type=\"widget\" data-e-type=\"widget\" data-settings=\"{&quot;tc_dark_mode_responsive_hide_in_dark&quot;:&quot;no&quot;,&quot;tc_dark_mode_responsive_hide_in_light&quot;:&quot;no&quot;}\" data-widget_type=\"icon-list.default\">\n\t\t\t\t<div class=\"elementor-widget-container\">\n\t\t\t\t\t\t\t<ul class=\"elementor-icon-list-items\">\n\t\t\t\t\t\t\t<li class=\"elementor-icon-list-item\">\n\t\t\t\t\t\t\t\t\t\t\t<span class=\"elementor-icon-list-icon\">\n\t\t\t\t\t\t\t<svg aria-hidden=\"true\" class=\"e-font-icon-svg e-fas-circle\" viewbox=\"0 0 512 512\" xmlns=\"http:\/\/www.w3.org\/2000\/svg\"><path d=\"M256 8C119 8 8 119 8 256s111 248 248 248 248-111 248-248S393 8 256 8z\"><\/path><\/svg>\t\t\t\t\t\t<\/span>\n\t\t\t\t\t\t\t\t\t\t<span class=\"elementor-icon-list-text\">Promovim &amp; Dukshm\u00ebri<\/span>\n\t\t\t\t\t\t\t\t\t<\/li>\n\t\t\t\t\t\t\t\t<li class=\"elementor-icon-list-item\">\n\t\t\t\t\t\t\t\t\t\t\t<span class=\"elementor-icon-list-icon\">\n\t\t\t\t\t\t\t<svg aria-hidden=\"true\" class=\"e-font-icon-svg e-fas-circle\" viewbox=\"0 0 512 512\" xmlns=\"http:\/\/www.w3.org\/2000\/svg\"><path d=\"M256 8C119 8 8 119 8 256s111 248 248 248 248-111 248-248S393 8 256 8z\"><\/path><\/svg>\t\t\t\t\t\t<\/span>\n\t\t\t\t\t\t\t\t\t\t<span class=\"elementor-icon-list-text\">Promovim &amp; Dukshm\u00ebri<\/span>\n\t\t\t\t\t\t\t\t\t<\/li>\n\t\t\t\t\t\t\t\t<li class=\"elementor-icon-list-item\">\n\t\t\t\t\t\t\t\t\t\t\t<span class=\"elementor-icon-list-icon\">\n\t\t\t\t\t\t\t<svg aria-hidden=\"true\" class=\"e-font-icon-svg e-fas-circle\" viewbox=\"0 0 512 512\" xmlns=\"http:\/\/www.w3.org\/2000\/svg\"><path d=\"M256 8C119 8 8 119 8 256s111 248 248 248 248-111 248-248S393 8 256 8z\"><\/path><\/svg>\t\t\t\t\t\t<\/span>\n\t\t\t\t\t\t\t\t\t\t<span class=\"elementor-icon-list-text\">Koordinim &amp; Branding n\u00eb Terren<\/span>\n\t\t\t\t\t\t\t\t\t<\/li>\n\t\t\t\t\t\t<\/ul>\n\t\t\t\t\t\t<\/div>\n\t\t\t\t<\/div>\n\t\t\t\t<\/div>\n\t\t\t\t<\/div>\n\t\t\t\t\t<\/div>\n\t\t\t\t<\/div>\n\t\t<div class=\"elementor-element elementor-element-11cfb6ef e-con-full e-flex e-con e-child\" data-id=\"11cfb6ef\" data-element_type=\"container\" data-e-type=\"container\" data-settings=\"{&quot;tc_container_hover_selector&quot;:&quot;container&quot;,&quot;tc_container_background_parallax&quot;:&quot;no&quot;,&quot;tcg_advanced_hover&quot;:&quot;no&quot;,&quot;tc_dark_mode_responsive_hide_in_dark&quot;:&quot;no&quot;,&quot;tc_dark_mode_responsive_hide_in_light&quot;:&quot;no&quot;}\">\n\t\t\t\t<div class=\"elementor-element elementor-element-5ee5dee4 elementor-widget elementor-widget-image\" data-id=\"5ee5dee4\" data-element_type=\"widget\" data-e-type=\"widget\" data-settings=\"{&quot;tc_dark_mode_responsive_hide_in_dark&quot;:&quot;no&quot;,&quot;tc_dark_mode_responsive_hide_in_light&quot;:&quot;no&quot;}\" data-widget_type=\"image.default\">\n\t\t\t\t<div class=\"elementor-widget-container\">\n\t\t\t\t\t\t\t\t\t\t\t\t\t\t\t<img fetchpriority=\"high\" decoding=\"async\" width=\"2000\" height=\"540\" src=\"https:\/\/conceptmarketing.al\/wp-content\/uploads\/2026\/01\/tuba-fest.jpg\" class=\"attachment-full size-full wp-image-5766\" alt=\"\u2013 foto\/ilustrim | Concept Marketing Albania - Digital Marketing Agency\" title=\"\u2013 foto\/ilustrim | Concept Marketing Albania\">\t\t\t\t\t\t\t\t\t\t\t\t\t\t\t<\/div>\n\t\t\t\t<\/div>\n\t\t\t\t<\/div>\n\t\t\t\t<\/div>\n\t\t<div class=\"elementor-element elementor-element-79d264b6 e-flex e-con-boxed e-con e-parent\" data-id=\"79d264b6\" data-element_type=\"container\" data-e-type=\"container\" data-settings=\"{&quot;tc_container_hover_selector&quot;:&quot;container&quot;,&quot;tc_container_background_parallax&quot;:&quot;no&quot;,&quot;tcg_advanced_hover&quot;:&quot;no&quot;,&quot;tc_dark_mode_responsive_hide_in_dark&quot;:&quot;no&quot;,&quot;tc_dark_mode_responsive_hide_in_light&quot;:&quot;no&quot;}\">\n\t\t\t\t\t<div class=\"e-con-inner\">\n\t\t<div class=\"elementor-element elementor-element-19c36010 e-con-full e-flex e-con e-child\" data-id=\"19c36010\" data-element_type=\"container\" data-e-type=\"container\" data-settings=\"{&quot;tc_container_hover_selector&quot;:&quot;container&quot;,&quot;tc_container_background_parallax&quot;:&quot;no&quot;,&quot;tcg_advanced_hover&quot;:&quot;no&quot;,&quot;tc_dark_mode_responsive_hide_in_dark&quot;:&quot;no&quot;,&quot;tc_dark_mode_responsive_hide_in_light&quot;:&quot;no&quot;}\">\n\t\t<div class=\"elementor-element elementor-element-44b9a2f e-con-full e-flex e-con e-child\" data-id=\"44b9a2f\" data-element_type=\"container\" data-e-type=\"container\" data-settings=\"{&quot;tc_container_hover_selector&quot;:&quot;container&quot;,&quot;tc_container_background_parallax&quot;:&quot;no&quot;,&quot;tcg_advanced_hover&quot;:&quot;no&quot;,&quot;tc_dark_mode_responsive_hide_in_dark&quot;:&quot;no&quot;,&quot;tc_dark_mode_responsive_hide_in_light&quot;:&quot;no&quot;}\">\n\t\t\t\t<div class=\"elementor-element elementor-element-4f8fa82c elementor-widget elementor-widget-heading\" data-id=\"4f8fa82c\" data-element_type=\"widget\" data-e-type=\"widget\" data-settings=\"{&quot;tc_dark_mode_responsive_hide_in_dark&quot;:&quot;no&quot;,&quot;tc_dark_mode_responsive_hide_in_light&quot;:&quot;no&quot;}\" data-widget_type=\"heading.default\">\n\t\t\t\t<div class=\"elementor-widget-container\">\n\t\t\t\t\t<h2 class=\"elementor-heading-title elementor-size-default\">Ne kombinojm\u00eb pasionin ton\u00eb<\/h2>\t\t\t\t<\/div>\n\t\t\t\t<\/div>\n\t\t\t\t<div class=\"elementor-element elementor-element-45763e84 elementor-widget elementor-widget-heading\" data-id=\"45763e84\" data-element_type=\"widget\" data-e-type=\"widget\" data-settings=\"{&quot;tc_dark_mode_responsive_hide_in_dark&quot;:&quot;no&quot;,&quot;tc_dark_mode_responsive_hide_in_light&quot;:&quot;no&quot;}\" data-widget_type=\"heading.default\">\n\t\t\t\t<div class=\"elementor-widget-container\">\n\t\t\t\t\t<p class=\"elementor-heading-title elementor-size-default\">Eksperienca jon\u00eb n\u00eb marketingun e eventeve vjen nga angazhimi praktik n\u00eb projekte reale. Kemi kontribuar n\u00eb organizimin dhe promovimin e iniciativave kulturore dhe komunitare si \u201cTuba Fest\u201d dhe \u201cNe dhurojm\u00eb nga Zemra\u201d, duke fituar njohuri t\u00eb vlefshme n\u00eb angazhimin e audienc\u00ebs, menaxhimin e logjistik\u00ebs dhe nd\u00ebrtimin e storytelling-ut t\u00eb eventeve.<\/p>\t\t\t\t<\/div>\n\t\t\t\t<\/div>\n\t\t\t\t<div class=\"elementor-element elementor-element-fe93d87 elementor-widget elementor-widget-heading\" data-id=\"fe93d87\" data-element_type=\"widget\" data-e-type=\"widget\" data-settings=\"{&quot;tc_dark_mode_responsive_hide_in_dark&quot;:&quot;no&quot;,&quot;tc_dark_mode_responsive_hide_in_light&quot;:&quot;no&quot;}\" data-widget_type=\"heading.default\">\n\t\t\t\t<div class=\"elementor-widget-container\">\n\t\t\t\t\t<p class=\"elementor-heading-title elementor-size-default\">Kjo eksperienc\u00eb praktike na mund\u00ebson t\u00eb menaxhojm\u00eb eventet me ndjeshm\u00ebri, struktur\u00eb dhe autenticitet \u2014 duke balancuar vizionin kreativ me qart\u00ebsin\u00eb operative.<\/p>\t\t\t\t<\/div>\n\t\t\t\t<\/div>\n\t\t\t\t<\/div>\n\t\t\t\t<\/div>\n\t\t<div class=\"elementor-element elementor-element-dd3c4 e-con-full e-flex e-con e-child\" data-id=\"dd3c4\" data-element_type=\"container\" data-e-type=\"container\" data-settings=\"{&quot;tc_container_hover_selector&quot;:&quot;container&quot;,&quot;tc_container_background_parallax&quot;:&quot;no&quot;,&quot;tcg_advanced_hover&quot;:&quot;no&quot;,&quot;tc_dark_mode_responsive_hide_in_dark&quot;:&quot;no&quot;,&quot;tc_dark_mode_responsive_hide_in_light&quot;:&quot;no&quot;}\">\n\t\t<div class=\"elementor-element elementor-element-6a31e351 e-con-full e-flex e-con e-child\" data-id=\"6a31e351\" data-element_type=\"container\" data-e-type=\"container\" data-settings=\"{&quot;tc_container_hover_selector&quot;:&quot;container&quot;,&quot;tc_container_background_parallax&quot;:&quot;no&quot;,&quot;tcg_advanced_hover&quot;:&quot;no&quot;,&quot;tc_dark_mode_responsive_hide_in_dark&quot;:&quot;no&quot;,&quot;tc_dark_mode_responsive_hide_in_light&quot;:&quot;no&quot;}\">\n\t\t\t\t<div class=\"elementor-element elementor-element-478d2290 elementor-widget elementor-widget-image\" data-id=\"478d2290\" data-element_type=\"widget\" data-e-type=\"widget\" data-settings=\"{&quot;tc_dark_mode_responsive_hide_in_dark&quot;:&quot;no&quot;,&quot;tc_dark_mode_responsive_hide_in_light&quot;:&quot;no&quot;}\" data-widget_type=\"image.default\">\n\t\t\t\t<div class=\"elementor-widget-container\">\n\t\t\t\t\t\t\t\t\t\t\t\t\t\t\t<img decoding=\"async\" width=\"954\" height=\"944\" src=\"https:\/\/conceptmarketing.al\/wp-content\/uploads\/2026\/01\/tuba-2.jpg\" class=\"attachment-full size-full wp-image-5768\" alt=\"\u2013 foto\/ilustrim | Concept Marketing Albania - Digital Marketing Agency\" title=\"\u2013 foto\/ilustrim | Concept Marketing Albania\">\t\t\t\t\t\t\t\t\t\t\t\t\t\t\t<\/div>\n\t\t\t\t<\/div>\n\t\t\t\t<\/div>\n\t\t<div class=\"elementor-element elementor-element-1da8e9bf e-con-full e-flex e-con e-child\" data-id=\"1da8e9bf\" data-element_type=\"container\" data-e-type=\"container\" data-settings=\"{&quot;tc_container_hover_selector&quot;:&quot;container&quot;,&quot;tc_container_background_parallax&quot;:&quot;no&quot;,&quot;tcg_advanced_hover&quot;:&quot;no&quot;,&quot;tc_dark_mode_responsive_hide_in_dark&quot;:&quot;no&quot;,&quot;tc_dark_mode_responsive_hide_in_light&quot;:&quot;no&quot;}\">\n\t\t\t\t<div class=\"elementor-element elementor-element-62c60d8e elementor-widget elementor-widget-image\" data-id=\"62c60d8e\" data-element_type=\"widget\" data-e-type=\"widget\" data-settings=\"{&quot;tc_dark_mode_responsive_hide_in_dark&quot;:&quot;no&quot;,&quot;tc_dark_mode_responsive_hide_in_light&quot;:&quot;no&quot;}\" data-widget_type=\"image.default\">\n\t\t\t\t<div class=\"elementor-widget-container\">\n\t\t\t\t\t\t\t\t\t\t\t\t\t\t\t<img decoding=\"async\" width=\"954\" height=\"944\" src=\"https:\/\/conceptmarketing.al\/wp-content\/uploads\/2026\/01\/dhurojme-nga-zemra.jpg\" class=\"attachment-full size-full wp-image-5767\" alt=\"\u2013 foto\/ilustrim | Concept Marketing Albania - Digital Marketing Agency\" title=\"\u2013 foto\/ilustrim | Concept Marketing Albania\">\t\t\t\t\t\t\t\t\t\t\t\t\t\t\t<\/div>\n\t\t\t\t<\/div>\n\t\t\t\t<\/div>\n\t\t\t\t<\/div>\n\t\t<div class=\"elementor-element elementor-element-50a05481 e-con-full e-flex e-con e-child\" data-id=\"50a05481\" data-element_type=\"container\" data-e-type=\"container\" data-settings=\"{&quot;tc_container_hover_selector&quot;:&quot;container&quot;,&quot;tc_container_background_parallax&quot;:&quot;no&quot;,&quot;tcg_advanced_hover&quot;:&quot;no&quot;,&quot;tc_dark_mode_responsive_hide_in_dark&quot;:&quot;no&quot;,&quot;tc_dark_mode_responsive_hide_in_light&quot;:&quot;no&quot;}\">\n\t\t<div class=\"elementor-element elementor-element-66351222 e-con-full e-flex e-con e-child\" data-id=\"66351222\" data-element_type=\"container\" data-e-type=\"container\" data-settings=\"{&quot;tc_container_hover_selector&quot;:&quot;container&quot;,&quot;tc_container_background_parallax&quot;:&quot;no&quot;,&quot;tcg_advanced_hover&quot;:&quot;no&quot;,&quot;tc_dark_mode_responsive_hide_in_dark&quot;:&quot;no&quot;,&quot;tc_dark_mode_responsive_hide_in_light&quot;:&quot;no&quot;}\">\n\t\t\t\t<div class=\"elementor-element elementor-element-3a23f327 elementor-widget elementor-widget-heading\" data-id=\"3a23f327\" data-element_type=\"widget\" data-e-type=\"widget\" data-settings=\"{&quot;tc_dark_mode_responsive_hide_in_dark&quot;:&quot;no&quot;,&quot;tc_dark_mode_responsive_hide_in_light&quot;:&quot;no&quot;}\" data-widget_type=\"heading.default\">\n\t\t\t\t<div class=\"elementor-widget-container\">\n\t\t\t\t\t<h2 class=\"elementor-heading-title elementor-size-default\">Procesi i Marketingut t\u00eb Eventeve<\/h2>\t\t\t\t<\/div>\n\t\t\t\t<\/div>\n\t\t\t\t<div class=\"elementor-element elementor-element-4d6d653 elementor-widget elementor-widget-heading\" data-id=\"4d6d653\" data-element_type=\"widget\" data-e-type=\"widget\" data-settings=\"{&quot;tc_dark_mode_responsive_hide_in_dark&quot;:&quot;no&quot;,&quot;tc_dark_mode_responsive_hide_in_light&quot;:&quot;no&quot;}\" data-widget_type=\"heading.default\">\n\t\t\t\t<div class=\"elementor-widget-container\">\n\t\t\t\t\t<h3 class=\"elementor-heading-title elementor-size-default\">Nga ideja te eksperienca live<\/h3>\t\t\t\t<\/div>\n\t\t\t\t<\/div>\n\t\t\t\t<div class=\"elementor-element elementor-element-51df4319 elementor-widget elementor-widget-heading\" data-id=\"51df4319\" data-element_type=\"widget\" data-e-type=\"widget\" data-settings=\"{&quot;tc_dark_mode_responsive_hide_in_dark&quot;:&quot;no&quot;,&quot;tc_dark_mode_responsive_hide_in_light&quot;:&quot;no&quot;}\" data-widget_type=\"heading.default\">\n\t\t\t\t<div class=\"elementor-widget-container\">\n\t\t\t\t\t<p class=\"elementor-heading-title elementor-size-default\">Procesi yn\u00eb i marketingut t\u00eb eventeve siguron q\u00eb \u00e7do event t\u00eb planifikohet, komunikohet dhe realizohet me q\u00ebllim dhe konsistenc\u00eb.<\/p>\t\t\t\t<\/div>\n\t\t\t\t<\/div>\n\t\t\t\t<div class=\"elementor-element elementor-element-2e821a74 elementor-widget elementor-widget-tcgelements-accordion\" data-id=\"2e821a74\" data-element_type=\"widget\" data-e-type=\"widget\" data-settings=\"{&quot;tc_dark_mode_responsive_hide_in_dark&quot;:&quot;no&quot;,&quot;tc_dark_mode_responsive_hide_in_light&quot;:&quot;no&quot;}\" data-widget_type=\"tcgelements-accordion.default\">\n\t\t\t\t<div class=\"elementor-widget-container\">\n\t\t\t\t\t        <div class=\"tcgelements-accordion\"  id=\"accordion69d3b60b960d0\">\r\n                            <div class=\"accordion-item active\">\r\n                    <h2 class=\"accordion-header\">\r\n                        <button class=\"accordion-button custom\" data-bs-toggle=\"collapse\" data-bs-target=\"#collapse1accordion69d3b60b960d0\">\r\n                                                                                        <span class=\"count\">1.<\/span>\r\n                                                        Planning & Concept Development                                                    <\/button>\r\n                    <\/h2>\r\n                    <div id=\"collapse1accordion69d3b60b960d0\" class=\"accordion-collapse collapse show\" data-bs-parent=\"#accordion69d3b60b960d0\">\r\n                        <div class=\"accordion-body\">\r\n                            <p>Ne p\u00ebrcaktojm\u00eb objektivat, audienc\u00ebn e synuar, formatin e eventit dhe mesazhet ky\u00e7e q\u00eb do t\u00eb form\u00ebsojn\u00eb eksperienc\u00ebn e p\u00ebrgjithshme.<\/p>                        <\/div>\r\n                    <\/div>\r\n                <\/div>\r\n                                <div class=\"accordion-item\">\r\n                    <h2 class=\"accordion-header\">\r\n                        <button class=\"accordion-button custom collapsed\" data-bs-toggle=\"collapse\" data-bs-target=\"#collapse2accordion69d3b60b960d0\">\r\n                                                                                        <span class=\"count\">2.<\/span>\r\n                                                        Communication & Promotion                                                    <\/button>\r\n                    <\/h2>\r\n                    <div id=\"collapse2accordion69d3b60b960d0\" class=\"accordion-collapse collapse\" data-bs-parent=\"#accordion69d3b60b960d0\">\r\n                        <div class=\"accordion-body\">\r\n                            <p data-start=\"2453\" data-end=\"2574\">Ne dizajnojm\u00eb materialet promovuese dhe menaxhojm\u00eb kanalet e komunikimit p\u00ebr t\u00eb nd\u00ebrtuar nd\u00ebrgjegj\u00ebsim dhe pritshm\u00ebri p\u00ebrpara eventit.<\/p>                        <\/div>\r\n                    <\/div>\r\n                <\/div>\r\n                                <div class=\"accordion-item\">\r\n                    <h2 class=\"accordion-header\">\r\n                        <button class=\"accordion-button custom collapsed\" data-bs-toggle=\"collapse\" data-bs-target=\"#collapse3accordion69d3b60b960d0\">\r\n                                                                                        <span class=\"count\">3.<\/span>\r\n                                                        Event Execution                                                    <\/button>\r\n                    <\/h2>\r\n                    <div id=\"collapse3accordion69d3b60b960d0\" class=\"accordion-collapse collapse\" data-bs-parent=\"#accordion69d3b60b960d0\">\r\n                        <div class=\"accordion-body\">\r\n                            <p>Ne mb\u00ebshtesim koordinimin n\u00eb terren, element\u00ebt e branding-ut dhe krijimin e p\u00ebrmbajtjes p\u00ebr t\u00eb siguruar nj\u00eb realizim t\u00eb qet\u00eb dhe p\u00ebrputhje t\u00eb plot\u00eb me identitetin e brand-it.<\/p>                        <\/div>\r\n                    <\/div>\r\n                <\/div>\r\n                                <div class=\"accordion-item\">\r\n                    <h2 class=\"accordion-header\">\r\n                        <button class=\"accordion-button custom collapsed\" data-bs-toggle=\"collapse\" data-bs-target=\"#collapse4accordion69d3b60b960d0\">\r\n                                                                                        <span class=\"count\">4.<\/span>\r\n                                                        Post-Event Content & Evaluation                                                    <\/button>\r\n                    <\/h2>\r\n                    <div id=\"collapse4accordion69d3b60b960d0\" class=\"accordion-collapse collapse\" data-bs-parent=\"#accordion69d3b60b960d0\">\r\n                        <div class=\"accordion-body\">\r\n                            <p data-start=\"1345\" data-end=\"1528\">Ne rip\u00ebrdorim p\u00ebrmbajtjen e eventit, analizojm\u00eb angazhimin dhe vler\u00ebsojm\u00eb rezultatet p\u00ebr t\u00eb zgjatur ndikimin e eventit p\u00ebrtej momentit live.<\/p>                        <\/div>\r\n                    <\/div>\r\n                <\/div>\r\n                        <\/div>\r\n        \t\t\t\t<\/div>\n\t\t\t\t<\/div>\n\t\t\t\t<div class=\"elementor-element elementor-element-9cbfd4e elementor-align-left elementor-widget elementor-widget-tcgelements-button\" data-id=\"9cbfd4e\" data-element_type=\"widget\" data-e-type=\"widget\" data-settings=\"{&quot;tc_dark_mode_responsive_hide_in_dark&quot;:&quot;no&quot;,&quot;tc_dark_mode_responsive_hide_in_light&quot;:&quot;no&quot;}\" data-widget_type=\"tcgelements-button.default\">\n\t\t\t\t<div class=\"elementor-widget-container\">\n\t\t\t\t\t                            <a  href=\"https:\/\/conceptmarketing.al\/sq\/services\/\"  class=\"tcgelements-button btn-selector-type-button btn-text-selector-type-button  tcgelements-responsive-break-line\"  >\r\n                            <span class=\"tcgelements-button-content-wrapper\">\r\n                                                                                <span class=\"tcgelements-button-text\">\r\n                        Zbulo t\u00eb gjitha sh\u00ebrbimet                    <\/span>\r\n                                                                                    <span class=\"tcgelements-button-icon tcgelements-align-icon-right hover-animation-none\">\r\n                            <svg xmlns=\"http:\/\/www.w3.org\/2000\/svg\" width=\"24\" height=\"24\" viewbox=\"0 0 24 24\" fill=\"none\"><path d=\"M21 3V16.4751H19.5083V5.53591L4.0442 21L3 19.9061L18.4144 4.49171H7.47514V3H21Z\" fill=\"black\"><\/path><\/svg>                        <\/span>\r\n                                    <\/span>\r\n                            <\/a>\r\n                        \t\t\t\t<\/div>\n\t\t\t\t<\/div>\n\t\t\t\t<\/div>\n\t\t\t\t<\/div>\n\t\t\t\t\t<\/div>\n\t\t\t\t<\/div>\n\t\t\t\t<\/div>","protected":false},"excerpt":{"rendered":"<p>Event Marketing Our approach combines strategic planning, creative direction, and coordinated execution to ensure each event functions as a strong communication tool. From concept to visibility, we treat events as integrated brand experiences, not isolated moments. Event Concept &amp; Strategy Promotion &amp; Visibility On-Site Coordination &amp; Branding We combine our passion Our experience in event marketing comes from hands-on involvement &hellip;<\/p>","protected":false},"author":1,"featured_media":6100,"parent":1005,"menu_order":0,"comment_status":"closed","ping_status":"closed","template":"blank-builder.php","meta":{"inline_featured_image":false,"footnotes":""},"class_list":["post-5765","page","type-page","status-publish","has-post-thumbnail","hentry"],"_links":{"self":[{"href":"https:\/\/conceptmarketing.al\/sq\/wp-json\/wp\/v2\/pages\/5765","targetHints":{"allow":["GET"]}}],"collection":[{"href":"https:\/\/conceptmarketing.al\/sq\/wp-json\/wp\/v2\/pages"}],"about":[{"href":"https:\/\/conceptmarketing.al\/sq\/wp-json\/wp\/v2\/types\/page"}],"author":[{"embeddable":true,"href":"https:\/\/conceptmarketing.al\/sq\/wp-json\/wp\/v2\/users\/1"}],"replies":[{"embeddable":true,"href":"https:\/\/conceptmarketing.al\/sq\/wp-json\/wp\/v2\/comments?post=5765"}],"version-history":[{"count":19,"href":"https:\/\/conceptmarketing.al\/sq\/wp-json\/wp\/v2\/pages\/5765\/revisions"}],"predecessor-version":[{"id":6154,"href":"https:\/\/conceptmarketing.al\/sq\/wp-json\/wp\/v2\/pages\/5765\/revisions\/6154"}],"up":[{"embeddable":true,"href":"https:\/\/conceptmarketing.al\/sq\/wp-json\/wp\/v2\/pages\/1005"}],"wp:featuredmedia":[{"embeddable":true,"href":"https:\/\/conceptmarketing.al\/sq\/wp-json\/wp\/v2\/media\/6100"}],"wp:attachment":[{"href":"https:\/\/conceptmarketing.al\/sq\/wp-json\/wp\/v2\/media?parent=5765"}],"curies":[{"name":"wp","href":"https:\/\/api.w.org\/{rel}","templated":true}]}}