{"id":5757,"date":"2026-01-30T12:47:51","date_gmt":"2026-01-30T12:47:51","guid":{"rendered":"https:\/\/conceptmarketing.al\/?page_id=5757"},"modified":"2026-02-13T08:36:31","modified_gmt":"2026-02-13T08:36:31","slug":"graphic-design-albania","status":"publish","type":"page","link":"https:\/\/conceptmarketing.al\/sq\/services\/graphic-design-albania\/","title":{"rendered":"Dizajn"},"content":{"rendered":"<div data-elementor-type=\"wp-page\" data-elementor-id=\"5757\" class=\"elementor elementor-5757\" data-elementor-post-type=\"page\">\n\t\t\t\t<div class=\"elementor-element elementor-element-760f41fc e-con-full e-flex e-con e-parent\" data-id=\"760f41fc\" data-element_type=\"container\" data-e-type=\"container\" data-settings=\"{&quot;tc_container_hover_selector&quot;:&quot;container&quot;,&quot;tc_container_background_parallax&quot;:&quot;no&quot;,&quot;tcg_advanced_hover&quot;:&quot;no&quot;,&quot;tc_dark_mode_responsive_hide_in_dark&quot;:&quot;no&quot;,&quot;tc_dark_mode_responsive_hide_in_light&quot;:&quot;no&quot;}\">\n\t\t<div class=\"elementor-element elementor-element-7cb0cc45 e-flex e-con-boxed e-con e-child\" data-id=\"7cb0cc45\" data-element_type=\"container\" data-e-type=\"container\" data-settings=\"{&quot;tc_container_hover_selector&quot;:&quot;container&quot;,&quot;tc_container_background_parallax&quot;:&quot;no&quot;,&quot;tcg_advanced_hover&quot;:&quot;no&quot;,&quot;tc_dark_mode_responsive_hide_in_dark&quot;:&quot;no&quot;,&quot;tc_dark_mode_responsive_hide_in_light&quot;:&quot;no&quot;}\">\n\t\t\t\t\t<div class=\"e-con-inner\">\n\t\t\t\t<div class=\"elementor-element elementor-element-70c4b45b elementor-widget elementor-widget-heading\" data-id=\"70c4b45b\" data-element_type=\"widget\" data-e-type=\"widget\" data-settings=\"{&quot;tc_dark_mode_responsive_hide_in_dark&quot;:&quot;no&quot;,&quot;tc_dark_mode_responsive_hide_in_light&quot;:&quot;no&quot;}\" data-widget_type=\"heading.default\">\n\t\t\t\t<div class=\"elementor-widget-container\">\n\t\t\t\t\t<h1 class=\"elementor-heading-title elementor-size-default\">Dizajn<\/h1>\t\t\t\t<\/div>\n\t\t\t\t<\/div>\n\t\t<div class=\"elementor-element elementor-element-3e02ebd e-con-full e-flex e-con e-child\" data-id=\"3e02ebd\" data-element_type=\"container\" data-e-type=\"container\" data-settings=\"{&quot;tc_container_hover_selector&quot;:&quot;container&quot;,&quot;tc_container_background_parallax&quot;:&quot;no&quot;,&quot;tcg_advanced_hover&quot;:&quot;no&quot;,&quot;tc_dark_mode_responsive_hide_in_dark&quot;:&quot;no&quot;,&quot;tc_dark_mode_responsive_hide_in_light&quot;:&quot;no&quot;}\">\n\t\t<div class=\"elementor-element elementor-element-49d79213 e-con-full e-flex e-con e-child\" data-id=\"49d79213\" data-element_type=\"container\" data-e-type=\"container\" data-settings=\"{&quot;tc_container_hover_selector&quot;:&quot;container&quot;,&quot;tc_container_background_parallax&quot;:&quot;no&quot;,&quot;tcg_advanced_hover&quot;:&quot;no&quot;,&quot;tc_dark_mode_responsive_hide_in_dark&quot;:&quot;no&quot;,&quot;tc_dark_mode_responsive_hide_in_light&quot;:&quot;no&quot;}\">\n\t\t\t\t<div class=\"elementor-element elementor-element-390a32bc elementor-widget elementor-widget-heading\" data-id=\"390a32bc\" data-element_type=\"widget\" data-e-type=\"widget\" data-settings=\"{&quot;tc_dark_mode_responsive_hide_in_dark&quot;:&quot;no&quot;,&quot;tc_dark_mode_responsive_hide_in_light&quot;:&quot;no&quot;}\" data-widget_type=\"heading.default\">\n\t\t\t\t<div class=\"elementor-widget-container\">\n\t\t\t\t\t<p class=\"elementor-heading-title elementor-size-default\">Ne dizajnojm\u00eb me q\u00ebllim, duke siguruar q\u00eb \u00e7do layout, zgjedhje ngjyrash dhe vendim tipografik t\u00eb jet\u00eb n\u00eb p\u00ebrputhje me objektivat e komunikimit t\u00eb brand-it. Nga materialet e marketingut te asetet digjitale, dizajnet tona krijohen p\u00ebr t\u00eb qen\u00eb konsistente, t\u00eb adaptueshme dhe vizualisht t\u00ebrheq\u00ebse.<\/p>\t\t\t\t<\/div>\n\t\t\t\t<\/div>\n\t\t\t\t<\/div>\n\t\t<div class=\"elementor-element elementor-element-2478ecdb e-con-full e-flex e-con e-child\" data-id=\"2478ecdb\" data-element_type=\"container\" data-e-type=\"container\" data-settings=\"{&quot;tc_container_hover_selector&quot;:&quot;container&quot;,&quot;tc_container_background_parallax&quot;:&quot;no&quot;,&quot;tcg_advanced_hover&quot;:&quot;no&quot;,&quot;tc_dark_mode_responsive_hide_in_dark&quot;:&quot;no&quot;,&quot;tc_dark_mode_responsive_hide_in_light&quot;:&quot;no&quot;}\">\n\t\t\t\t<div class=\"elementor-element elementor-element-615e19b9 elementor-icon-list--layout-traditional elementor-list-item-link-full_width elementor-widget elementor-widget-icon-list\" data-id=\"615e19b9\" data-element_type=\"widget\" data-e-type=\"widget\" data-settings=\"{&quot;tc_dark_mode_responsive_hide_in_dark&quot;:&quot;no&quot;,&quot;tc_dark_mode_responsive_hide_in_light&quot;:&quot;no&quot;}\" data-widget_type=\"icon-list.default\">\n\t\t\t\t<div class=\"elementor-widget-container\">\n\t\t\t\t\t\t\t<ul class=\"elementor-icon-list-items\">\n\t\t\t\t\t\t\t<li class=\"elementor-icon-list-item\">\n\t\t\t\t\t\t\t\t\t\t\t<span class=\"elementor-icon-list-icon\">\n\t\t\t\t\t\t\t<svg aria-hidden=\"true\" class=\"e-font-icon-svg e-fas-circle\" viewbox=\"0 0 512 512\" xmlns=\"http:\/\/www.w3.org\/2000\/svg\"><path d=\"M256 8C119 8 8 119 8 256s111 248 248 248 248-111 248-248S393 8 256 8z\"><\/path><\/svg>\t\t\t\t\t\t<\/span>\n\t\t\t\t\t\t\t\t\t\t<span class=\"elementor-icon-list-text\">Dizajn Marketingu &amp; Komunikimi<\/span>\n\t\t\t\t\t\t\t\t\t<\/li>\n\t\t\t\t\t\t\t\t<li class=\"elementor-icon-list-item\">\n\t\t\t\t\t\t\t\t\t\t\t<span class=\"elementor-icon-list-icon\">\n\t\t\t\t\t\t\t<svg aria-hidden=\"true\" class=\"e-font-icon-svg e-fas-circle\" viewbox=\"0 0 512 512\" xmlns=\"http:\/\/www.w3.org\/2000\/svg\"><path d=\"M256 8C119 8 8 119 8 256s111 248 248 248 248-111 248-248S393 8 256 8z\"><\/path><\/svg>\t\t\t\t\t\t<\/span>\n\t\t\t\t\t\t\t\t\t\t<span class=\"elementor-icon-list-text\">Asete Digjitale &amp; Sociale<\/span>\n\t\t\t\t\t\t\t\t\t<\/li>\n\t\t\t\t\t\t\t\t<li class=\"elementor-icon-list-item\">\n\t\t\t\t\t\t\t\t\t\t\t<span class=\"elementor-icon-list-icon\">\n\t\t\t\t\t\t\t<svg aria-hidden=\"true\" class=\"e-font-icon-svg e-fas-circle\" viewbox=\"0 0 512 512\" xmlns=\"http:\/\/www.w3.org\/2000\/svg\"><path d=\"M256 8C119 8 8 119 8 256s111 248 248 248 248-111 248-248S393 8 256 8z\"><\/path><\/svg>\t\t\t\t\t\t<\/span>\n\t\t\t\t\t\t\t\t\t\t<span class=\"elementor-icon-list-text\">Dizajn Printi<\/span>\n\t\t\t\t\t\t\t\t\t<\/li>\n\t\t\t\t\t\t<\/ul>\n\t\t\t\t\t\t<\/div>\n\t\t\t\t<\/div>\n\t\t\t\t<\/div>\n\t\t\t\t<\/div>\n\t\t\t\t\t<\/div>\n\t\t\t\t<\/div>\n\t\t<div class=\"elementor-element elementor-element-11cfb6ef e-con-full e-flex e-con e-child\" data-id=\"11cfb6ef\" data-element_type=\"container\" data-e-type=\"container\" data-settings=\"{&quot;tc_container_hover_selector&quot;:&quot;container&quot;,&quot;tc_container_background_parallax&quot;:&quot;no&quot;,&quot;tcg_advanced_hover&quot;:&quot;no&quot;,&quot;tc_dark_mode_responsive_hide_in_dark&quot;:&quot;no&quot;,&quot;tc_dark_mode_responsive_hide_in_light&quot;:&quot;no&quot;}\">\n\t\t\t\t<div class=\"elementor-element elementor-element-5ee5dee4 elementor-widget elementor-widget-image\" data-id=\"5ee5dee4\" data-element_type=\"widget\" data-e-type=\"widget\" data-settings=\"{&quot;tc_dark_mode_responsive_hide_in_dark&quot;:&quot;no&quot;,&quot;tc_dark_mode_responsive_hide_in_light&quot;:&quot;no&quot;}\" data-widget_type=\"image.default\">\n\t\t\t\t<div class=\"elementor-widget-container\">\n\t\t\t\t\t\t\t\t\t\t\t\t\t\t\t<img fetchpriority=\"high\" decoding=\"async\" width=\"2000\" height=\"540\" src=\"https:\/\/conceptmarketing.al\/wp-content\/uploads\/2026\/01\/graphic.jpg\" class=\"attachment-full size-full wp-image-5760\" alt=\"\u2013 foto\/ilustrim | Concept Marketing Albania - Digital Marketing Agency\" title=\"\u2013 foto\/ilustrim | Concept Marketing Albania\">\t\t\t\t\t\t\t\t\t\t\t\t\t\t\t<\/div>\n\t\t\t\t<\/div>\n\t\t\t\t<\/div>\n\t\t\t\t<\/div>\n\t\t<div class=\"elementor-element elementor-element-79d264b6 e-flex e-con-boxed e-con e-parent\" data-id=\"79d264b6\" data-element_type=\"container\" data-e-type=\"container\" data-settings=\"{&quot;tc_container_hover_selector&quot;:&quot;container&quot;,&quot;tc_container_background_parallax&quot;:&quot;no&quot;,&quot;tcg_advanced_hover&quot;:&quot;no&quot;,&quot;tc_dark_mode_responsive_hide_in_dark&quot;:&quot;no&quot;,&quot;tc_dark_mode_responsive_hide_in_light&quot;:&quot;no&quot;}\">\n\t\t\t\t\t<div class=\"e-con-inner\">\n\t\t<div class=\"elementor-element elementor-element-19c36010 e-con-full e-flex e-con e-child\" data-id=\"19c36010\" data-element_type=\"container\" data-e-type=\"container\" data-settings=\"{&quot;tc_container_hover_selector&quot;:&quot;container&quot;,&quot;tc_container_background_parallax&quot;:&quot;no&quot;,&quot;tcg_advanced_hover&quot;:&quot;no&quot;,&quot;tc_dark_mode_responsive_hide_in_dark&quot;:&quot;no&quot;,&quot;tc_dark_mode_responsive_hide_in_light&quot;:&quot;no&quot;}\">\n\t\t<div class=\"elementor-element elementor-element-44b9a2f e-con-full e-flex e-con e-child\" data-id=\"44b9a2f\" data-element_type=\"container\" data-e-type=\"container\" data-settings=\"{&quot;tc_container_hover_selector&quot;:&quot;container&quot;,&quot;tc_container_background_parallax&quot;:&quot;no&quot;,&quot;tcg_advanced_hover&quot;:&quot;no&quot;,&quot;tc_dark_mode_responsive_hide_in_dark&quot;:&quot;no&quot;,&quot;tc_dark_mode_responsive_hide_in_light&quot;:&quot;no&quot;}\">\n\t\t\t\t<div class=\"elementor-element elementor-element-4f8fa82c elementor-widget elementor-widget-heading\" data-id=\"4f8fa82c\" data-element_type=\"widget\" data-e-type=\"widget\" data-settings=\"{&quot;tc_dark_mode_responsive_hide_in_dark&quot;:&quot;no&quot;,&quot;tc_dark_mode_responsive_hide_in_light&quot;:&quot;no&quot;}\" data-widget_type=\"heading.default\">\n\t\t\t\t<div class=\"elementor-widget-container\">\n\t\t\t\t\t<h2 class=\"elementor-heading-title elementor-size-default\">Ne kombinojm\u00eb pasionin ton\u00eb<\/h2>\t\t\t\t<\/div>\n\t\t\t\t<\/div>\n\t\t\t\t<div class=\"elementor-element elementor-element-45763e84 elementor-widget elementor-widget-heading\" data-id=\"45763e84\" data-element_type=\"widget\" data-e-type=\"widget\" data-settings=\"{&quot;tc_dark_mode_responsive_hide_in_dark&quot;:&quot;no&quot;,&quot;tc_dark_mode_responsive_hide_in_light&quot;:&quot;no&quot;}\" data-widget_type=\"heading.default\">\n\t\t\t\t<div class=\"elementor-widget-container\">\n\t\t\t\t\t<p class=\"elementor-heading-title elementor-size-default\">Qasja jon\u00eb ndaj dizajnit grafik balancon kreativitetin dhe struktur\u00ebn. Duke kombinuar estetik\u00ebn vizuale me qart\u00ebsin\u00eb e komunikimit, ne krijojm\u00eb dizajne q\u00eb mb\u00ebshtesin njohjen e brand-it dhe p\u00ebrcjelljen efektive t\u00eb mesazhit.<\/p>\t\t\t\t<\/div>\n\t\t\t\t<\/div>\n\t\t\t\t<div class=\"elementor-element elementor-element-fe93d87 elementor-widget elementor-widget-heading\" data-id=\"fe93d87\" data-element_type=\"widget\" data-e-type=\"widget\" data-settings=\"{&quot;tc_dark_mode_responsive_hide_in_dark&quot;:&quot;no&quot;,&quot;tc_dark_mode_responsive_hide_in_light&quot;:&quot;no&quot;}\" data-widget_type=\"heading.default\">\n\t\t\t\t<div class=\"elementor-widget-container\">\n\t\t\t\t\t<p class=\"elementor-heading-title elementor-size-default\">Dizajni i realizuar me kujdes forcon perceptimin e brand-it, p\u00ebrmir\u00ebson angazhimin dhe siguron konsistenc\u00eb n\u00eb t\u00eb gjitha pikat vizuale t\u00eb kontaktit. \u00c7do projekt trajtohet me v\u00ebmendje ndaj detajeve dhe n\u00eb p\u00ebrputhje me sistemin e p\u00ebrgjithsh\u00ebm t\u00eb brand-it.<\/p>\t\t\t\t<\/div>\n\t\t\t\t<\/div>\n\t\t\t\t<\/div>\n\t\t\t\t<\/div>\n\t\t<div class=\"elementor-element elementor-element-dd3c4 e-con-full e-flex e-con e-child\" data-id=\"dd3c4\" data-element_type=\"container\" data-e-type=\"container\" data-settings=\"{&quot;tc_container_hover_selector&quot;:&quot;container&quot;,&quot;tc_container_background_parallax&quot;:&quot;no&quot;,&quot;tcg_advanced_hover&quot;:&quot;no&quot;,&quot;tc_dark_mode_responsive_hide_in_dark&quot;:&quot;no&quot;,&quot;tc_dark_mode_responsive_hide_in_light&quot;:&quot;no&quot;}\">\n\t\t<div class=\"elementor-element elementor-element-6a31e351 e-con-full e-flex e-con e-child\" data-id=\"6a31e351\" data-element_type=\"container\" data-e-type=\"container\" data-settings=\"{&quot;tc_container_hover_selector&quot;:&quot;container&quot;,&quot;tc_container_background_parallax&quot;:&quot;no&quot;,&quot;tcg_advanced_hover&quot;:&quot;no&quot;,&quot;tc_dark_mode_responsive_hide_in_dark&quot;:&quot;no&quot;,&quot;tc_dark_mode_responsive_hide_in_light&quot;:&quot;no&quot;}\">\n\t\t\t\t<div class=\"elementor-element elementor-element-478d2290 elementor-widget elementor-widget-image\" data-id=\"478d2290\" data-element_type=\"widget\" data-e-type=\"widget\" data-settings=\"{&quot;tc_dark_mode_responsive_hide_in_dark&quot;:&quot;no&quot;,&quot;tc_dark_mode_responsive_hide_in_light&quot;:&quot;no&quot;}\" data-widget_type=\"image.default\">\n\t\t\t\t<div class=\"elementor-widget-container\">\n\t\t\t\t\t\t\t\t\t\t\t\t\t\t\t<img decoding=\"async\" width=\"954\" height=\"944\" src=\"https:\/\/conceptmarketing.al\/wp-content\/uploads\/2026\/01\/graphic-design-1.jpg\" class=\"attachment-full size-full wp-image-5759\" alt=\"\u2013 foto\/ilustrim | Concept Marketing Albania - Digital Marketing Agency\" title=\"\u2013 foto\/ilustrim | Concept Marketing Albania\">\t\t\t\t\t\t\t\t\t\t\t\t\t\t\t<\/div>\n\t\t\t\t<\/div>\n\t\t\t\t<\/div>\n\t\t<div class=\"elementor-element elementor-element-1da8e9bf e-con-full e-flex e-con e-child\" data-id=\"1da8e9bf\" data-element_type=\"container\" data-e-type=\"container\" data-settings=\"{&quot;tc_container_hover_selector&quot;:&quot;container&quot;,&quot;tc_container_background_parallax&quot;:&quot;no&quot;,&quot;tcg_advanced_hover&quot;:&quot;no&quot;,&quot;tc_dark_mode_responsive_hide_in_dark&quot;:&quot;no&quot;,&quot;tc_dark_mode_responsive_hide_in_light&quot;:&quot;no&quot;}\">\n\t\t\t\t<div class=\"elementor-element elementor-element-62c60d8e elementor-widget elementor-widget-image\" data-id=\"62c60d8e\" data-element_type=\"widget\" data-e-type=\"widget\" data-settings=\"{&quot;tc_dark_mode_responsive_hide_in_dark&quot;:&quot;no&quot;,&quot;tc_dark_mode_responsive_hide_in_light&quot;:&quot;no&quot;}\" data-widget_type=\"image.default\">\n\t\t\t\t<div class=\"elementor-widget-container\">\n\t\t\t\t\t\t\t\t\t\t\t\t\t\t\t<img decoding=\"async\" width=\"954\" height=\"944\" src=\"https:\/\/conceptmarketing.al\/wp-content\/uploads\/2026\/01\/graphic-design.jpg\" class=\"attachment-full size-full wp-image-5758\" alt=\"\u2013 foto\/ilustrim | Concept Marketing Albania - Digital Marketing Agency\" title=\"\u2013 foto\/ilustrim | Concept Marketing Albania\">\t\t\t\t\t\t\t\t\t\t\t\t\t\t\t<\/div>\n\t\t\t\t<\/div>\n\t\t\t\t<\/div>\n\t\t\t\t<\/div>\n\t\t<div class=\"elementor-element elementor-element-50a05481 e-con-full e-flex e-con e-child\" data-id=\"50a05481\" data-element_type=\"container\" data-e-type=\"container\" data-settings=\"{&quot;tc_container_hover_selector&quot;:&quot;container&quot;,&quot;tc_container_background_parallax&quot;:&quot;no&quot;,&quot;tcg_advanced_hover&quot;:&quot;no&quot;,&quot;tc_dark_mode_responsive_hide_in_dark&quot;:&quot;no&quot;,&quot;tc_dark_mode_responsive_hide_in_light&quot;:&quot;no&quot;}\">\n\t\t<div class=\"elementor-element elementor-element-66351222 e-con-full e-flex e-con e-child\" data-id=\"66351222\" data-element_type=\"container\" data-e-type=\"container\" data-settings=\"{&quot;tc_container_hover_selector&quot;:&quot;container&quot;,&quot;tc_container_background_parallax&quot;:&quot;no&quot;,&quot;tcg_advanced_hover&quot;:&quot;no&quot;,&quot;tc_dark_mode_responsive_hide_in_dark&quot;:&quot;no&quot;,&quot;tc_dark_mode_responsive_hide_in_light&quot;:&quot;no&quot;}\">\n\t\t\t\t<div class=\"elementor-element elementor-element-3a23f327 elementor-widget elementor-widget-heading\" data-id=\"3a23f327\" data-element_type=\"widget\" data-e-type=\"widget\" data-settings=\"{&quot;tc_dark_mode_responsive_hide_in_dark&quot;:&quot;no&quot;,&quot;tc_dark_mode_responsive_hide_in_light&quot;:&quot;no&quot;}\" data-widget_type=\"heading.default\">\n\t\t\t\t<div class=\"elementor-widget-container\">\n\t\t\t\t\t<h2 class=\"elementor-heading-title elementor-size-default\">Procesi i Dizajnit<\/h2>\t\t\t\t<\/div>\n\t\t\t\t<\/div>\n\t\t\t\t<div class=\"elementor-element elementor-element-4d6d653 elementor-widget elementor-widget-heading\" data-id=\"4d6d653\" data-element_type=\"widget\" data-e-type=\"widget\" data-settings=\"{&quot;tc_dark_mode_responsive_hide_in_dark&quot;:&quot;no&quot;,&quot;tc_dark_mode_responsive_hide_in_light&quot;:&quot;no&quot;}\" data-widget_type=\"heading.default\">\n\t\t\t\t<div class=\"elementor-widget-container\">\n\t\t\t\t\t<h3 class=\"elementor-heading-title elementor-size-default\">Nga koncepti te ekzekutimi vizual<\/h3>\t\t\t\t<\/div>\n\t\t\t\t<\/div>\n\t\t\t\t<div class=\"elementor-element elementor-element-51df4319 elementor-widget elementor-widget-heading\" data-id=\"51df4319\" data-element_type=\"widget\" data-e-type=\"widget\" data-settings=\"{&quot;tc_dark_mode_responsive_hide_in_dark&quot;:&quot;no&quot;,&quot;tc_dark_mode_responsive_hide_in_light&quot;:&quot;no&quot;}\" data-widget_type=\"heading.default\">\n\t\t\t\t<div class=\"elementor-widget-container\">\n\t\t\t\t\t<p class=\"elementor-heading-title elementor-size-default\"><p data-start=\"1943\" data-end=\"2058\">Procesi yn\u00eb i dizajnit ndjek nj\u00eb fluks t\u00eb strukturuar pune p\u00ebr t\u00eb siguruar efikasitet, cil\u00ebsi dhe konsistenc\u00eb n\u00eb t\u00eb gjitha rezultatet.<\/p><\/p>\t\t\t\t<\/div>\n\t\t\t\t<\/div>\n\t\t\t\t<div class=\"elementor-element elementor-element-2e821a74 elementor-widget elementor-widget-tcgelements-accordion\" data-id=\"2e821a74\" data-element_type=\"widget\" data-e-type=\"widget\" data-settings=\"{&quot;tc_dark_mode_responsive_hide_in_dark&quot;:&quot;no&quot;,&quot;tc_dark_mode_responsive_hide_in_light&quot;:&quot;no&quot;}\" data-widget_type=\"tcgelements-accordion.default\">\n\t\t\t\t<div class=\"elementor-widget-container\">\n\t\t\t\t\t        <div class=\"tcgelements-accordion\"  id=\"accordion69d3afcbbdf1e\">\r\n                            <div class=\"accordion-item active\">\r\n                    <h2 class=\"accordion-header\">\r\n                        <button class=\"accordion-button custom\" data-bs-toggle=\"collapse\" data-bs-target=\"#collapse1accordion69d3afcbbdf1e\">\r\n                                                                                        <span class=\"count\">1.<\/span>\r\n                                                        Brief & Direction                                                    <\/button>\r\n                    <\/h2>\r\n                    <div id=\"collapse1accordion69d3afcbbdf1e\" class=\"accordion-collapse collapse show\" data-bs-parent=\"#accordion69d3afcbbdf1e\">\r\n                        <div class=\"accordion-body\">\r\n                            <p>Ne p\u00ebrcaktojm\u00eb objektivat, audienc\u00ebn e synuar, k\u00ebrkesat e formatit dhe drejtimin vizual p\u00ebrpara se t\u00eb nis\u00eb puna e dizajnit.<\/p>                        <\/div>\r\n                    <\/div>\r\n                <\/div>\r\n                                <div class=\"accordion-item\">\r\n                    <h2 class=\"accordion-header\">\r\n                        <button class=\"accordion-button custom collapsed\" data-bs-toggle=\"collapse\" data-bs-target=\"#collapse2accordion69d3afcbbdf1e\">\r\n                                                                                        <span class=\"count\">2.<\/span>\r\n                                                        Concept Development                                                    <\/button>\r\n                    <\/h2>\r\n                    <div id=\"collapse2accordion69d3afcbbdf1e\" class=\"accordion-collapse collapse\" data-bs-parent=\"#accordion69d3afcbbdf1e\">\r\n                        <div class=\"accordion-body\">\r\n                            <p>Ne eksplorojm\u00eb ide layout-i, sisteme ngjyrash, tipografi dhe hierarki vizuale p\u00ebr t\u00eb nd\u00ebrtuar konceptin e dizajnit.<\/p>                        <\/div>\r\n                    <\/div>\r\n                <\/div>\r\n                                <div class=\"accordion-item\">\r\n                    <h2 class=\"accordion-header\">\r\n                        <button class=\"accordion-button custom collapsed\" data-bs-toggle=\"collapse\" data-bs-target=\"#collapse3accordion69d3afcbbdf1e\">\r\n                                                                                        <span class=\"count\">3.<\/span>\r\n                                                        Design Production                                                    <\/button>\r\n                    <\/h2>\r\n                    <div id=\"collapse3accordion69d3afcbbdf1e\" class=\"accordion-collapse collapse\" data-bs-parent=\"#accordion69d3afcbbdf1e\">\r\n                        <div class=\"accordion-body\">\r\n                            <p>Ne krijojm\u00eb dhe rafinojm\u00eb dizajnet finale, duke i p\u00ebrshtatur ato sipas formateve dhe kanaleve t\u00eb k\u00ebrkuara.<\/p>                        <\/div>\r\n                    <\/div>\r\n                <\/div>\r\n                                <div class=\"accordion-item\">\r\n                    <h2 class=\"accordion-header\">\r\n                        <button class=\"accordion-button custom collapsed\" data-bs-toggle=\"collapse\" data-bs-target=\"#collapse4accordion69d3afcbbdf1e\">\r\n                                                                                        <span class=\"count\">4.<\/span>\r\n                                                        Review & Delivery                                                    <\/button>\r\n                    <\/h2>\r\n                    <div id=\"collapse4accordion69d3afcbbdf1e\" class=\"accordion-collapse collapse\" data-bs-parent=\"#accordion69d3afcbbdf1e\">\r\n                        <div class=\"accordion-body\">\r\n                            <p data-start=\"1345\" data-end=\"1528\">Ne finalizojm\u00eb asetet, p\u00ebrgatisim skedar\u00ebt p\u00ebr p\u00ebrdorim digjital ose print dhe dor\u00ebzojm\u00eb materiale t\u00eb gatshme p\u00ebr p\u00ebrdorim.<\/p>                        <\/div>\r\n                    <\/div>\r\n                <\/div>\r\n                        <\/div>\r\n        \t\t\t\t<\/div>\n\t\t\t\t<\/div>\n\t\t\t\t<div class=\"elementor-element elementor-element-9cbfd4e elementor-align-left elementor-widget elementor-widget-tcgelements-button\" data-id=\"9cbfd4e\" data-element_type=\"widget\" data-e-type=\"widget\" data-settings=\"{&quot;tc_dark_mode_responsive_hide_in_dark&quot;:&quot;no&quot;,&quot;tc_dark_mode_responsive_hide_in_light&quot;:&quot;no&quot;}\" data-widget_type=\"tcgelements-button.default\">\n\t\t\t\t<div class=\"elementor-widget-container\">\n\t\t\t\t\t                            <a  href=\"https:\/\/conceptmarketing.al\/sq\/services\/\"  class=\"tcgelements-button btn-selector-type-button btn-text-selector-type-button  tcgelements-responsive-break-line\"  >\r\n                            <span class=\"tcgelements-button-content-wrapper\">\r\n                                                                                <span class=\"tcgelements-button-text\">\r\n                        Zbulo t\u00eb gjitha sh\u00ebrbimet                    <\/span>\r\n                                                                                    <span class=\"tcgelements-button-icon tcgelements-align-icon-right hover-animation-none\">\r\n                            <svg xmlns=\"http:\/\/www.w3.org\/2000\/svg\" width=\"24\" height=\"24\" viewbox=\"0 0 24 24\" fill=\"none\"><path d=\"M21 3V16.4751H19.5083V5.53591L4.0442 21L3 19.9061L18.4144 4.49171H7.47514V3H21Z\" fill=\"black\"><\/path><\/svg>                        <\/span>\r\n                                    <\/span>\r\n                            <\/a>\r\n                        \t\t\t\t<\/div>\n\t\t\t\t<\/div>\n\t\t\t\t<\/div>\n\t\t\t\t<\/div>\n\t\t\t\t\t<\/div>\n\t\t\t\t<\/div>\n\t\t\t\t<\/div>","protected":false},"excerpt":{"rendered":"<p>Design We design with purpose, ensuring every layout, color choice, and typographic decision aligns with the brand\u2019s communication goals. From marketing materials to digital assets, our designs are created to be consistent, adaptable, and visually engaging. Marketing &amp; Communication Design Digital &amp; Social Assets Print Design We combine our passion Our graphic design approach balances creativity and structure. By combining &hellip;<\/p>","protected":false},"author":1,"featured_media":6099,"parent":1005,"menu_order":0,"comment_status":"closed","ping_status":"closed","template":"blank-builder.php","meta":{"inline_featured_image":false,"footnotes":""},"class_list":["post-5757","page","type-page","status-publish","has-post-thumbnail","hentry"],"_links":{"self":[{"href":"https:\/\/conceptmarketing.al\/sq\/wp-json\/wp\/v2\/pages\/5757","targetHints":{"allow":["GET"]}}],"collection":[{"href":"https:\/\/conceptmarketing.al\/sq\/wp-json\/wp\/v2\/pages"}],"about":[{"href":"https:\/\/conceptmarketing.al\/sq\/wp-json\/wp\/v2\/types\/page"}],"author":[{"embeddable":true,"href":"https:\/\/conceptmarketing.al\/sq\/wp-json\/wp\/v2\/users\/1"}],"replies":[{"embeddable":true,"href":"https:\/\/conceptmarketing.al\/sq\/wp-json\/wp\/v2\/comments?post=5757"}],"version-history":[{"count":7,"href":"https:\/\/conceptmarketing.al\/sq\/wp-json\/wp\/v2\/pages\/5757\/revisions"}],"predecessor-version":[{"id":6148,"href":"https:\/\/conceptmarketing.al\/sq\/wp-json\/wp\/v2\/pages\/5757\/revisions\/6148"}],"up":[{"embeddable":true,"href":"https:\/\/conceptmarketing.al\/sq\/wp-json\/wp\/v2\/pages\/1005"}],"wp:featuredmedia":[{"embeddable":true,"href":"https:\/\/conceptmarketing.al\/sq\/wp-json\/wp\/v2\/media\/6099"}],"wp:attachment":[{"href":"https:\/\/conceptmarketing.al\/sq\/wp-json\/wp\/v2\/media?parent=5757"}],"curies":[{"name":"wp","href":"https:\/\/api.w.org\/{rel}","templated":true}]}}