{"id":5671,"date":"2026-01-29T12:11:13","date_gmt":"2026-01-29T12:11:13","guid":{"rendered":"https:\/\/conceptmarketing.al\/?page_id=5671"},"modified":"2026-02-13T08:39:27","modified_gmt":"2026-02-13T08:39:27","slug":"web-design-albania","status":"publish","type":"page","link":"https:\/\/conceptmarketing.al\/sq\/services\/web-design-albania\/","title":{"rendered":"Web Design"},"content":{"rendered":"<div data-elementor-type=\"wp-page\" data-elementor-id=\"5671\" class=\"elementor elementor-5671\" data-elementor-post-type=\"page\">\n\t\t\t\t<div class=\"elementor-element elementor-element-760f41fc e-con-full e-flex e-con e-parent\" data-id=\"760f41fc\" data-element_type=\"container\" data-e-type=\"container\" data-settings=\"{&quot;tc_container_hover_selector&quot;:&quot;container&quot;,&quot;tc_container_background_parallax&quot;:&quot;no&quot;,&quot;tcg_advanced_hover&quot;:&quot;no&quot;,&quot;tc_dark_mode_responsive_hide_in_dark&quot;:&quot;no&quot;,&quot;tc_dark_mode_responsive_hide_in_light&quot;:&quot;no&quot;}\">\n\t\t<div class=\"elementor-element elementor-element-7cb0cc45 e-flex e-con-boxed e-con e-child\" data-id=\"7cb0cc45\" data-element_type=\"container\" data-e-type=\"container\" data-settings=\"{&quot;tc_container_hover_selector&quot;:&quot;container&quot;,&quot;tc_container_background_parallax&quot;:&quot;no&quot;,&quot;tcg_advanced_hover&quot;:&quot;no&quot;,&quot;tc_dark_mode_responsive_hide_in_dark&quot;:&quot;no&quot;,&quot;tc_dark_mode_responsive_hide_in_light&quot;:&quot;no&quot;}\">\n\t\t\t\t\t<div class=\"e-con-inner\">\n\t\t\t\t<div class=\"elementor-element elementor-element-70c4b45b elementor-widget elementor-widget-heading\" data-id=\"70c4b45b\" data-element_type=\"widget\" data-e-type=\"widget\" data-settings=\"{&quot;tc_dark_mode_responsive_hide_in_dark&quot;:&quot;no&quot;,&quot;tc_dark_mode_responsive_hide_in_light&quot;:&quot;no&quot;}\" data-widget_type=\"heading.default\">\n\t\t\t\t<div class=\"elementor-widget-container\">\n\t\t\t\t\t<h1 class=\"elementor-heading-title elementor-size-default\">Web Design<\/h1>\t\t\t\t<\/div>\n\t\t\t\t<\/div>\n\t\t<div class=\"elementor-element elementor-element-3e02ebd e-con-full e-flex e-con e-child\" data-id=\"3e02ebd\" data-element_type=\"container\" data-e-type=\"container\" data-settings=\"{&quot;tc_container_hover_selector&quot;:&quot;container&quot;,&quot;tc_container_background_parallax&quot;:&quot;no&quot;,&quot;tcg_advanced_hover&quot;:&quot;no&quot;,&quot;tc_dark_mode_responsive_hide_in_dark&quot;:&quot;no&quot;,&quot;tc_dark_mode_responsive_hide_in_light&quot;:&quot;no&quot;}\">\n\t\t<div class=\"elementor-element elementor-element-49d79213 e-con-full e-flex e-con e-child\" data-id=\"49d79213\" data-element_type=\"container\" data-e-type=\"container\" data-settings=\"{&quot;tc_container_hover_selector&quot;:&quot;container&quot;,&quot;tc_container_background_parallax&quot;:&quot;no&quot;,&quot;tcg_advanced_hover&quot;:&quot;no&quot;,&quot;tc_dark_mode_responsive_hide_in_dark&quot;:&quot;no&quot;,&quot;tc_dark_mode_responsive_hide_in_light&quot;:&quot;no&quot;}\">\n\t\t\t\t<div class=\"elementor-element elementor-element-390a32bc elementor-widget elementor-widget-heading\" data-id=\"390a32bc\" data-element_type=\"widget\" data-e-type=\"widget\" data-settings=\"{&quot;tc_dark_mode_responsive_hide_in_dark&quot;:&quot;no&quot;,&quot;tc_dark_mode_responsive_hide_in_light&quot;:&quot;no&quot;}\" data-widget_type=\"heading.default\">\n\t\t\t\t<div class=\"elementor-widget-container\">\n\t\t\t\t\t<p class=\"elementor-heading-title elementor-size-default\">Sh\u00ebrbimi yn\u00eb i dizajnit web fokusohet n\u00eb p\u00ebrkthimin e identitetit t\u00eb brand-it dhe nevojave t\u00eb biznesit n\u00eb nd\u00ebrfaqe digjitale intuitive. \u00c7do website nd\u00ebrtohet me fokus qart\u00ebsin\u00eb, performanc\u00ebn dhe shkall\u00ebzueshm\u00ebrin\u00eb, duke siguruar funksionim efikas n\u00eb t\u00eb gjitha pajisjet dhe platformat.<\/p>\t\t\t\t<\/div>\n\t\t\t\t<\/div>\n\t\t\t\t<\/div>\n\t\t<div class=\"elementor-element elementor-element-2478ecdb e-con-full e-flex e-con e-child\" data-id=\"2478ecdb\" data-element_type=\"container\" data-e-type=\"container\" data-settings=\"{&quot;tc_container_hover_selector&quot;:&quot;container&quot;,&quot;tc_container_background_parallax&quot;:&quot;no&quot;,&quot;tcg_advanced_hover&quot;:&quot;no&quot;,&quot;tc_dark_mode_responsive_hide_in_dark&quot;:&quot;no&quot;,&quot;tc_dark_mode_responsive_hide_in_light&quot;:&quot;no&quot;}\">\n\t\t\t\t<div class=\"elementor-element elementor-element-615e19b9 elementor-icon-list--layout-traditional elementor-list-item-link-full_width elementor-widget elementor-widget-icon-list\" data-id=\"615e19b9\" data-element_type=\"widget\" data-e-type=\"widget\" data-settings=\"{&quot;tc_dark_mode_responsive_hide_in_dark&quot;:&quot;no&quot;,&quot;tc_dark_mode_responsive_hide_in_light&quot;:&quot;no&quot;}\" data-widget_type=\"icon-list.default\">\n\t\t\t\t<div class=\"elementor-widget-container\">\n\t\t\t\t\t\t\t<ul class=\"elementor-icon-list-items\">\n\t\t\t\t\t\t\t<li class=\"elementor-icon-list-item\">\n\t\t\t\t\t\t\t\t\t\t\t<span class=\"elementor-icon-list-icon\">\n\t\t\t\t\t\t\t<svg aria-hidden=\"true\" class=\"e-font-icon-svg e-fas-circle\" viewbox=\"0 0 512 512\" xmlns=\"http:\/\/www.w3.org\/2000\/svg\"><path d=\"M256 8C119 8 8 119 8 256s111 248 248 248 248-111 248-248S393 8 256 8z\"><\/path><\/svg>\t\t\t\t\t\t<\/span>\n\t\t\t\t\t\t\t\t\t\t<span class=\"elementor-icon-list-text\">Struktura e Website-it &amp; UX<\/span>\n\t\t\t\t\t\t\t\t\t<\/li>\n\t\t\t\t\t\t\t\t<li class=\"elementor-icon-list-item\">\n\t\t\t\t\t\t\t\t\t\t\t<span class=\"elementor-icon-list-icon\">\n\t\t\t\t\t\t\t<svg aria-hidden=\"true\" class=\"e-font-icon-svg e-fas-circle\" viewbox=\"0 0 512 512\" xmlns=\"http:\/\/www.w3.org\/2000\/svg\"><path d=\"M256 8C119 8 8 119 8 256s111 248 248 248 248-111 248-248S393 8 256 8z\"><\/path><\/svg>\t\t\t\t\t\t<\/span>\n\t\t\t\t\t\t\t\t\t\t<span class=\"elementor-icon-list-text\">Dizajn UI &amp; Layout Vizual<\/span>\n\t\t\t\t\t\t\t\t\t<\/li>\n\t\t\t\t\t\t\t\t<li class=\"elementor-icon-list-item\">\n\t\t\t\t\t\t\t\t\t\t\t<span class=\"elementor-icon-list-icon\">\n\t\t\t\t\t\t\t<svg aria-hidden=\"true\" class=\"e-font-icon-svg e-fas-circle\" viewbox=\"0 0 512 512\" xmlns=\"http:\/\/www.w3.org\/2000\/svg\"><path d=\"M256 8C119 8 8 119 8 256s111 248 248 248 248-111 248-248S393 8 256 8z\"><\/path><\/svg>\t\t\t\t\t\t<\/span>\n\t\t\t\t\t\t\t\t\t\t<span class=\"elementor-icon-list-text\">Implementim i Website-it<\/span>\n\t\t\t\t\t\t\t\t\t<\/li>\n\t\t\t\t\t\t<\/ul>\n\t\t\t\t\t\t<\/div>\n\t\t\t\t<\/div>\n\t\t\t\t<\/div>\n\t\t\t\t<\/div>\n\t\t\t\t\t<\/div>\n\t\t\t\t<\/div>\n\t\t<div class=\"elementor-element elementor-element-11cfb6ef e-con-full e-flex e-con e-child\" data-id=\"11cfb6ef\" data-element_type=\"container\" data-e-type=\"container\" data-settings=\"{&quot;tc_container_hover_selector&quot;:&quot;container&quot;,&quot;tc_container_background_parallax&quot;:&quot;no&quot;,&quot;tcg_advanced_hover&quot;:&quot;no&quot;,&quot;tc_dark_mode_responsive_hide_in_dark&quot;:&quot;no&quot;,&quot;tc_dark_mode_responsive_hide_in_light&quot;:&quot;no&quot;}\">\n\t\t\t\t<div class=\"elementor-element elementor-element-5ee5dee4 elementor-widget elementor-widget-image\" data-id=\"5ee5dee4\" data-element_type=\"widget\" data-e-type=\"widget\" data-settings=\"{&quot;tc_dark_mode_responsive_hide_in_dark&quot;:&quot;no&quot;,&quot;tc_dark_mode_responsive_hide_in_light&quot;:&quot;no&quot;}\" data-widget_type=\"image.default\">\n\t\t\t\t<div class=\"elementor-widget-container\">\n\t\t\t\t\t\t\t\t\t\t\t\t\t\t\t<img fetchpriority=\"high\" decoding=\"async\" width=\"2000\" height=\"540\" src=\"https:\/\/conceptmarketing.al\/wp-content\/uploads\/2026\/01\/web-design.jpg\" class=\"attachment-full size-full wp-image-5672\" alt=\"\u2013 foto\/ilustrim | Concept Marketing Albania - Digital Marketing Agency\" title=\"\u2013 foto\/ilustrim | Concept Marketing Albania\">\t\t\t\t\t\t\t\t\t\t\t\t\t\t\t<\/div>\n\t\t\t\t<\/div>\n\t\t\t\t<\/div>\n\t\t\t\t<\/div>\n\t\t<div class=\"elementor-element elementor-element-79d264b6 e-flex e-con-boxed e-con e-parent\" data-id=\"79d264b6\" data-element_type=\"container\" data-e-type=\"container\" data-settings=\"{&quot;tc_container_hover_selector&quot;:&quot;container&quot;,&quot;tc_container_background_parallax&quot;:&quot;no&quot;,&quot;tcg_advanced_hover&quot;:&quot;no&quot;,&quot;tc_dark_mode_responsive_hide_in_dark&quot;:&quot;no&quot;,&quot;tc_dark_mode_responsive_hide_in_light&quot;:&quot;no&quot;}\">\n\t\t\t\t\t<div class=\"e-con-inner\">\n\t\t<div class=\"elementor-element elementor-element-19c36010 e-con-full e-flex e-con e-child\" data-id=\"19c36010\" data-element_type=\"container\" data-e-type=\"container\" data-settings=\"{&quot;tc_container_hover_selector&quot;:&quot;container&quot;,&quot;tc_container_background_parallax&quot;:&quot;no&quot;,&quot;tcg_advanced_hover&quot;:&quot;no&quot;,&quot;tc_dark_mode_responsive_hide_in_dark&quot;:&quot;no&quot;,&quot;tc_dark_mode_responsive_hide_in_light&quot;:&quot;no&quot;}\">\n\t\t<div class=\"elementor-element elementor-element-44b9a2f e-con-full e-flex e-con e-child\" data-id=\"44b9a2f\" data-element_type=\"container\" data-e-type=\"container\" data-settings=\"{&quot;tc_container_hover_selector&quot;:&quot;container&quot;,&quot;tc_container_background_parallax&quot;:&quot;no&quot;,&quot;tcg_advanced_hover&quot;:&quot;no&quot;,&quot;tc_dark_mode_responsive_hide_in_dark&quot;:&quot;no&quot;,&quot;tc_dark_mode_responsive_hide_in_light&quot;:&quot;no&quot;}\">\n\t\t\t\t<div class=\"elementor-element elementor-element-4f8fa82c elementor-widget elementor-widget-heading\" data-id=\"4f8fa82c\" data-element_type=\"widget\" data-e-type=\"widget\" data-settings=\"{&quot;tc_dark_mode_responsive_hide_in_dark&quot;:&quot;no&quot;,&quot;tc_dark_mode_responsive_hide_in_light&quot;:&quot;no&quot;}\" data-widget_type=\"heading.default\">\n\t\t\t\t<div class=\"elementor-widget-container\">\n\t\t\t\t\t<h2 class=\"elementor-heading-title elementor-size-default\">Ne kombinojm\u00eb pasionin ton\u00eb<\/h2>\t\t\t\t<\/div>\n\t\t\t\t<\/div>\n\t\t\t\t<div class=\"elementor-element elementor-element-45763e84 elementor-widget elementor-widget-heading\" data-id=\"45763e84\" data-element_type=\"widget\" data-e-type=\"widget\" data-settings=\"{&quot;tc_dark_mode_responsive_hide_in_dark&quot;:&quot;no&quot;,&quot;tc_dark_mode_responsive_hide_in_light&quot;:&quot;no&quot;}\" data-widget_type=\"heading.default\">\n\t\t\t\t<div class=\"elementor-widget-container\">\n\t\t\t\t\t<p class=\"elementor-heading-title elementor-size-default\">Qasja jon\u00eb ndaj dizajnit web balancon kreativitetin dhe funksionalitetin. Duke u fokusuar n\u00eb sjelljen e p\u00ebrdoruesit dhe praktikat m\u00eb t\u00eb mira digjitale, ne krijojm\u00eb website q\u00eb komunikojn\u00eb qart\u00eb dhe performojn\u00eb n\u00eb m\u00ebnyr\u00eb t\u00eb q\u00ebndrueshme.<\/p>\t\t\t\t<\/div>\n\t\t\t\t<\/div>\n\t\t\t\t<div class=\"elementor-element elementor-element-fe93d87 elementor-widget elementor-widget-heading\" data-id=\"fe93d87\" data-element_type=\"widget\" data-e-type=\"widget\" data-settings=\"{&quot;tc_dark_mode_responsive_hide_in_dark&quot;:&quot;no&quot;,&quot;tc_dark_mode_responsive_hide_in_light&quot;:&quot;no&quot;}\" data-widget_type=\"heading.default\">\n\t\t\t\t<div class=\"elementor-widget-container\">\n\t\t\t\t\t<p class=\"elementor-heading-title elementor-size-default\">Nj\u00eb website i dizajnuar mir\u00eb rrit besueshm\u00ebrin\u00eb, p\u00ebrmir\u00ebson angazhimin e p\u00ebrdoruesve dhe mb\u00ebshtet prezenc\u00ebn digjitale afatgjat\u00eb. \u00c7do projekt zhvillohet me v\u00ebmendje ndaj detajeve, p\u00ebrdorshm\u00ebris\u00eb dhe konsistenc\u00ebs.<\/p>\t\t\t\t<\/div>\n\t\t\t\t<\/div>\n\t\t\t\t<\/div>\n\t\t\t\t<\/div>\n\t\t<div class=\"elementor-element elementor-element-dd3c4 e-con-full e-flex e-con e-child\" data-id=\"dd3c4\" data-element_type=\"container\" data-e-type=\"container\" data-settings=\"{&quot;tc_container_hover_selector&quot;:&quot;container&quot;,&quot;tc_container_background_parallax&quot;:&quot;no&quot;,&quot;tcg_advanced_hover&quot;:&quot;no&quot;,&quot;tc_dark_mode_responsive_hide_in_dark&quot;:&quot;no&quot;,&quot;tc_dark_mode_responsive_hide_in_light&quot;:&quot;no&quot;}\">\n\t\t<div class=\"elementor-element elementor-element-6a31e351 e-con-full e-flex e-con e-child\" data-id=\"6a31e351\" data-element_type=\"container\" data-e-type=\"container\" data-settings=\"{&quot;tc_container_hover_selector&quot;:&quot;container&quot;,&quot;tc_container_background_parallax&quot;:&quot;no&quot;,&quot;tcg_advanced_hover&quot;:&quot;no&quot;,&quot;tc_dark_mode_responsive_hide_in_dark&quot;:&quot;no&quot;,&quot;tc_dark_mode_responsive_hide_in_light&quot;:&quot;no&quot;}\">\n\t\t\t\t<div class=\"elementor-element elementor-element-478d2290 elementor-widget elementor-widget-image\" data-id=\"478d2290\" data-element_type=\"widget\" data-e-type=\"widget\" data-settings=\"{&quot;tc_dark_mode_responsive_hide_in_dark&quot;:&quot;no&quot;,&quot;tc_dark_mode_responsive_hide_in_light&quot;:&quot;no&quot;}\" data-widget_type=\"image.default\">\n\t\t\t\t<div class=\"elementor-widget-container\">\n\t\t\t\t\t\t\t\t\t\t\t\t\t\t\t<img decoding=\"async\" width=\"954\" height=\"944\" src=\"https:\/\/conceptmarketing.al\/wp-content\/uploads\/2026\/01\/web-design-1.jpg\" class=\"attachment-full size-full wp-image-5673\" alt=\"\u2013 foto\/ilustrim | Concept Marketing Albania - Digital Marketing Agency\" title=\"\u2013 foto\/ilustrim | Concept Marketing Albania\">\t\t\t\t\t\t\t\t\t\t\t\t\t\t\t<\/div>\n\t\t\t\t<\/div>\n\t\t\t\t<\/div>\n\t\t<div class=\"elementor-element elementor-element-1da8e9bf e-con-full e-flex e-con e-child\" data-id=\"1da8e9bf\" data-element_type=\"container\" data-e-type=\"container\" data-settings=\"{&quot;tc_container_hover_selector&quot;:&quot;container&quot;,&quot;tc_container_background_parallax&quot;:&quot;no&quot;,&quot;tcg_advanced_hover&quot;:&quot;no&quot;,&quot;tc_dark_mode_responsive_hide_in_dark&quot;:&quot;no&quot;,&quot;tc_dark_mode_responsive_hide_in_light&quot;:&quot;no&quot;}\">\n\t\t\t\t<div class=\"elementor-element elementor-element-62c60d8e elementor-widget elementor-widget-image\" data-id=\"62c60d8e\" data-element_type=\"widget\" data-e-type=\"widget\" data-settings=\"{&quot;tc_dark_mode_responsive_hide_in_dark&quot;:&quot;no&quot;,&quot;tc_dark_mode_responsive_hide_in_light&quot;:&quot;no&quot;}\" data-widget_type=\"image.default\">\n\t\t\t\t<div class=\"elementor-widget-container\">\n\t\t\t\t\t\t\t\t\t\t\t\t\t\t\t<img decoding=\"async\" width=\"954\" height=\"944\" src=\"https:\/\/conceptmarketing.al\/wp-content\/uploads\/2026\/01\/web-deisng-1.jpg\" class=\"attachment-full size-full wp-image-5674\" alt=\"\u2013 foto\/ilustrim | Concept Marketing Albania - Digital Marketing Agency\" title=\"\u2013 foto\/ilustrim | Concept Marketing Albania\">\t\t\t\t\t\t\t\t\t\t\t\t\t\t\t<\/div>\n\t\t\t\t<\/div>\n\t\t\t\t<\/div>\n\t\t\t\t<\/div>\n\t\t<div class=\"elementor-element elementor-element-50a05481 e-con-full e-flex e-con e-child\" data-id=\"50a05481\" data-element_type=\"container\" data-e-type=\"container\" data-settings=\"{&quot;tc_container_hover_selector&quot;:&quot;container&quot;,&quot;tc_container_background_parallax&quot;:&quot;no&quot;,&quot;tcg_advanced_hover&quot;:&quot;no&quot;,&quot;tc_dark_mode_responsive_hide_in_dark&quot;:&quot;no&quot;,&quot;tc_dark_mode_responsive_hide_in_light&quot;:&quot;no&quot;}\">\n\t\t<div class=\"elementor-element elementor-element-66351222 e-con-full e-flex e-con e-child\" data-id=\"66351222\" data-element_type=\"container\" data-e-type=\"container\" data-settings=\"{&quot;tc_container_hover_selector&quot;:&quot;container&quot;,&quot;tc_container_background_parallax&quot;:&quot;no&quot;,&quot;tcg_advanced_hover&quot;:&quot;no&quot;,&quot;tc_dark_mode_responsive_hide_in_dark&quot;:&quot;no&quot;,&quot;tc_dark_mode_responsive_hide_in_light&quot;:&quot;no&quot;}\">\n\t\t\t\t<div class=\"elementor-element elementor-element-3a23f327 elementor-widget elementor-widget-heading\" data-id=\"3a23f327\" data-element_type=\"widget\" data-e-type=\"widget\" data-settings=\"{&quot;tc_dark_mode_responsive_hide_in_dark&quot;:&quot;no&quot;,&quot;tc_dark_mode_responsive_hide_in_light&quot;:&quot;no&quot;}\" data-widget_type=\"heading.default\">\n\t\t\t\t<div class=\"elementor-widget-container\">\n\t\t\t\t\t<h2 class=\"elementor-heading-title elementor-size-default\">Procesi Web Design<\/h2>\t\t\t\t<\/div>\n\t\t\t\t<\/div>\n\t\t\t\t<div class=\"elementor-element elementor-element-4d6d653 elementor-widget elementor-widget-heading\" data-id=\"4d6d653\" data-element_type=\"widget\" data-e-type=\"widget\" data-settings=\"{&quot;tc_dark_mode_responsive_hide_in_dark&quot;:&quot;no&quot;,&quot;tc_dark_mode_responsive_hide_in_light&quot;:&quot;no&quot;}\" data-widget_type=\"heading.default\">\n\t\t\t\t<div class=\"elementor-widget-container\">\n\t\t\t\t\t<h3 class=\"elementor-heading-title elementor-size-default\">Nga struktura te p\u00ebrvoja<\/h3>\t\t\t\t<\/div>\n\t\t\t\t<\/div>\n\t\t\t\t<div class=\"elementor-element elementor-element-51df4319 elementor-widget elementor-widget-heading\" data-id=\"51df4319\" data-element_type=\"widget\" data-e-type=\"widget\" data-settings=\"{&quot;tc_dark_mode_responsive_hide_in_dark&quot;:&quot;no&quot;,&quot;tc_dark_mode_responsive_hide_in_light&quot;:&quot;no&quot;}\" data-widget_type=\"heading.default\">\n\t\t\t\t<div class=\"elementor-widget-container\">\n\t\t\t\t\t<p class=\"elementor-heading-title elementor-size-default\">Procesi yn\u00eb i dizajnit web ndjek nj\u00eb fluks t\u00eb qart\u00eb dhe bashk\u00ebpunues p\u00ebr t\u00eb siguruar efikasitet dhe cil\u00ebsi n\u00eb \u00e7do faz\u00eb.<\/p>\t\t\t\t<\/div>\n\t\t\t\t<\/div>\n\t\t\t\t<div class=\"elementor-element elementor-element-2e821a74 elementor-widget elementor-widget-tcgelements-accordion\" data-id=\"2e821a74\" data-element_type=\"widget\" data-e-type=\"widget\" data-settings=\"{&quot;tc_dark_mode_responsive_hide_in_dark&quot;:&quot;no&quot;,&quot;tc_dark_mode_responsive_hide_in_light&quot;:&quot;no&quot;}\" data-widget_type=\"tcgelements-accordion.default\">\n\t\t\t\t<div class=\"elementor-widget-container\">\n\t\t\t\t\t        <div class=\"tcgelements-accordion\"  id=\"accordion69d3af7b836bb\">\r\n                            <div class=\"accordion-item active\">\r\n                    <h2 class=\"accordion-header\">\r\n                        <button class=\"accordion-button custom\" data-bs-toggle=\"collapse\" data-bs-target=\"#collapse1accordion69d3af7b836bb\">\r\n                                                                                        <span class=\"count\">1.<\/span>\r\n                                                        Research & Planning                                                    <\/button>\r\n                    <\/h2>\r\n                    <div id=\"collapse1accordion69d3af7b836bb\" class=\"accordion-collapse collapse show\" data-bs-parent=\"#accordion69d3af7b836bb\">\r\n                        <div class=\"accordion-body\">\r\n                            <p>Ne analizojm\u00eb objektivat e biznesit, p\u00ebrdoruesit e synuar dhe k\u00ebrkesat e projektit p\u00ebr t\u00eb p\u00ebrcaktuar struktur\u00ebn dhe funksionalitetin e website-it.<\/p>                        <\/div>\r\n                    <\/div>\r\n                <\/div>\r\n                                <div class=\"accordion-item\">\r\n                    <h2 class=\"accordion-header\">\r\n                        <button class=\"accordion-button custom collapsed\" data-bs-toggle=\"collapse\" data-bs-target=\"#collapse2accordion69d3af7b836bb\">\r\n                                                                                        <span class=\"count\">2.<\/span>\r\n                                                        Wireframes & Layout Design                                                    <\/button>\r\n                    <\/h2>\r\n                    <div id=\"collapse2accordion69d3af7b836bb\" class=\"accordion-collapse collapse\" data-bs-parent=\"#accordion69d3af7b836bb\">\r\n                        <div class=\"accordion-body\">\r\n                            <p>Ne zhvillojm\u00eb wireframe dhe layout-e vizuale q\u00eb p\u00ebrcaktojn\u00eb hierarkin\u00eb e p\u00ebrmbajtjes, rrjedh\u00ebn e navigimit dhe logjik\u00ebn e nd\u00ebrfaqes.<\/p>                        <\/div>\r\n                    <\/div>\r\n                <\/div>\r\n                                <div class=\"accordion-item\">\r\n                    <h2 class=\"accordion-header\">\r\n                        <button class=\"accordion-button custom collapsed\" data-bs-toggle=\"collapse\" data-bs-target=\"#collapse3accordion69d3af7b836bb\">\r\n                                                                                        <span class=\"count\">3.<\/span>\r\n                                                        Design Development                                                    <\/button>\r\n                    <\/h2>\r\n                    <div id=\"collapse3accordion69d3af7b836bb\" class=\"accordion-collapse collapse\" data-bs-parent=\"#accordion69d3af7b836bb\">\r\n                        <div class=\"accordion-body\">\r\n                            <p>Ne rafinojm\u00eb drejtimin vizual, sjelljen responsive dhe detajet e nd\u00ebrveprimit p\u00ebr t\u00eb krijuar nj\u00eb nd\u00ebrfaqe digjitale t\u00eb p\u00ebrpunuar dhe profesionale.<\/p>                        <\/div>\r\n                    <\/div>\r\n                <\/div>\r\n                                <div class=\"accordion-item\">\r\n                    <h2 class=\"accordion-header\">\r\n                        <button class=\"accordion-button custom collapsed\" data-bs-toggle=\"collapse\" data-bs-target=\"#collapse4accordion69d3af7b836bb\">\r\n                                                                                        <span class=\"count\">4.<\/span>\r\n                                                        Review & Launch Preparation                                                    <\/button>\r\n                    <\/h2>\r\n                    <div id=\"collapse4accordion69d3af7b836bb\" class=\"accordion-collapse collapse\" data-bs-parent=\"#accordion69d3af7b836bb\">\r\n                        <div class=\"accordion-body\">\r\n                            <p data-start=\"1345\" data-end=\"1528\">Ne testojm\u00eb p\u00ebrdorshm\u00ebrin\u00eb, sjelljen responsive dhe konsistenc\u00ebn, duke p\u00ebrgatitur website-in p\u00ebr lan\u00e7imin final dhe p\u00ebrdit\u00ebsime t\u00eb ardhshme.<\/p>                        <\/div>\r\n                    <\/div>\r\n                <\/div>\r\n                        <\/div>\r\n        \t\t\t\t<\/div>\n\t\t\t\t<\/div>\n\t\t\t\t<div class=\"elementor-element elementor-element-9cbfd4e elementor-align-left elementor-widget elementor-widget-tcgelements-button\" data-id=\"9cbfd4e\" data-element_type=\"widget\" data-e-type=\"widget\" data-settings=\"{&quot;tc_dark_mode_responsive_hide_in_dark&quot;:&quot;no&quot;,&quot;tc_dark_mode_responsive_hide_in_light&quot;:&quot;no&quot;}\" data-widget_type=\"tcgelements-button.default\">\n\t\t\t\t<div class=\"elementor-widget-container\">\n\t\t\t\t\t                            <a  href=\"https:\/\/conceptmarketing.al\/sq\/services\/\"  class=\"tcgelements-button btn-selector-type-button btn-text-selector-type-button  tcgelements-responsive-break-line\"  >\r\n                            <span class=\"tcgelements-button-content-wrapper\">\r\n                                                                                <span class=\"tcgelements-button-text\">\r\n                        Zbulo t\u00eb gjitha sh\u00ebrbimet                    <\/span>\r\n                                                                                    <span class=\"tcgelements-button-icon tcgelements-align-icon-right hover-animation-none\">\r\n                            <svg xmlns=\"http:\/\/www.w3.org\/2000\/svg\" width=\"24\" height=\"24\" viewbox=\"0 0 24 24\" fill=\"none\"><path d=\"M21 3V16.4751H19.5083V5.53591L4.0442 21L3 19.9061L18.4144 4.49171H7.47514V3H21Z\" fill=\"black\"><\/path><\/svg>                        <\/span>\r\n                                    <\/span>\r\n                            <\/a>\r\n                        \t\t\t\t<\/div>\n\t\t\t\t<\/div>\n\t\t\t\t<\/div>\n\t\t\t\t<\/div>\n\t\t\t\t\t<\/div>\n\t\t\t\t<\/div>\n\t\t\t\t<\/div>","protected":false},"excerpt":{"rendered":"<p>Web Design Our web design service focuses on translating brand identity and business needs into intuitive digital interfaces. Every website is built with clarity, performance, and scalability in mind, ensuring it functions effectively across devices and platforms. Website Structure &amp; UX UI Design &amp; Visual Layout Website Implementation We combine our passion Our web design approach balances creativity and functionality. &hellip;<\/p>","protected":false},"author":1,"featured_media":6097,"parent":1005,"menu_order":0,"comment_status":"closed","ping_status":"closed","template":"blank-builder.php","meta":{"inline_featured_image":false,"footnotes":""},"class_list":["post-5671","page","type-page","status-publish","has-post-thumbnail","hentry"],"_links":{"self":[{"href":"https:\/\/conceptmarketing.al\/sq\/wp-json\/wp\/v2\/pages\/5671","targetHints":{"allow":["GET"]}}],"collection":[{"href":"https:\/\/conceptmarketing.al\/sq\/wp-json\/wp\/v2\/pages"}],"about":[{"href":"https:\/\/conceptmarketing.al\/sq\/wp-json\/wp\/v2\/types\/page"}],"author":[{"embeddable":true,"href":"https:\/\/conceptmarketing.al\/sq\/wp-json\/wp\/v2\/users\/1"}],"replies":[{"embeddable":true,"href":"https:\/\/conceptmarketing.al\/sq\/wp-json\/wp\/v2\/comments?post=5671"}],"version-history":[{"count":7,"href":"https:\/\/conceptmarketing.al\/sq\/wp-json\/wp\/v2\/pages\/5671\/revisions"}],"predecessor-version":[{"id":6163,"href":"https:\/\/conceptmarketing.al\/sq\/wp-json\/wp\/v2\/pages\/5671\/revisions\/6163"}],"up":[{"embeddable":true,"href":"https:\/\/conceptmarketing.al\/sq\/wp-json\/wp\/v2\/pages\/1005"}],"wp:featuredmedia":[{"embeddable":true,"href":"https:\/\/conceptmarketing.al\/sq\/wp-json\/wp\/v2\/media\/6097"}],"wp:attachment":[{"href":"https:\/\/conceptmarketing.al\/sq\/wp-json\/wp\/v2\/media?parent=5671"}],"curies":[{"name":"wp","href":"https:\/\/api.w.org\/{rel}","templated":true}]}}