{"id":5653,"date":"2026-01-29T11:50:24","date_gmt":"2026-01-29T11:50:24","guid":{"rendered":"https:\/\/conceptmarketing.al\/?page_id=5653"},"modified":"2026-02-13T08:38:26","modified_gmt":"2026-02-13T08:38:26","slug":"social-media-marketing-albania","status":"publish","type":"page","link":"https:\/\/conceptmarketing.al\/sq\/services\/social-media-marketing-albania\/","title":{"rendered":"Marketing i Rrjeteve Sociale"},"content":{"rendered":"<div data-elementor-type=\"wp-page\" data-elementor-id=\"5653\" class=\"elementor elementor-5653\" data-elementor-post-type=\"page\">\n\t\t\t\t<div class=\"elementor-element elementor-element-760f41fc e-con-full e-flex e-con e-parent\" data-id=\"760f41fc\" data-element_type=\"container\" data-e-type=\"container\" data-settings=\"{&quot;tc_container_hover_selector&quot;:&quot;container&quot;,&quot;tc_container_background_parallax&quot;:&quot;no&quot;,&quot;tcg_advanced_hover&quot;:&quot;no&quot;,&quot;tc_dark_mode_responsive_hide_in_dark&quot;:&quot;no&quot;,&quot;tc_dark_mode_responsive_hide_in_light&quot;:&quot;no&quot;}\">\n\t\t<div class=\"elementor-element elementor-element-7cb0cc45 e-flex e-con-boxed e-con e-child\" data-id=\"7cb0cc45\" data-element_type=\"container\" data-e-type=\"container\" data-settings=\"{&quot;tc_container_hover_selector&quot;:&quot;container&quot;,&quot;tc_container_background_parallax&quot;:&quot;no&quot;,&quot;tcg_advanced_hover&quot;:&quot;no&quot;,&quot;tc_dark_mode_responsive_hide_in_dark&quot;:&quot;no&quot;,&quot;tc_dark_mode_responsive_hide_in_light&quot;:&quot;no&quot;}\">\n\t\t\t\t\t<div class=\"e-con-inner\">\n\t\t\t\t<div class=\"elementor-element elementor-element-70c4b45b elementor-widget elementor-widget-heading\" data-id=\"70c4b45b\" data-element_type=\"widget\" data-e-type=\"widget\" data-settings=\"{&quot;tc_dark_mode_responsive_hide_in_dark&quot;:&quot;no&quot;,&quot;tc_dark_mode_responsive_hide_in_light&quot;:&quot;no&quot;}\" data-widget_type=\"heading.default\">\n\t\t\t\t<div class=\"elementor-widget-container\">\n\t\t\t\t\t<h1 class=\"elementor-heading-title elementor-size-default\">Social Media <br>\nMarketing<\/h1>\t\t\t\t<\/div>\n\t\t\t\t<\/div>\n\t\t<div class=\"elementor-element elementor-element-3e02ebd e-con-full e-flex e-con e-child\" data-id=\"3e02ebd\" data-element_type=\"container\" data-e-type=\"container\" data-settings=\"{&quot;tc_container_hover_selector&quot;:&quot;container&quot;,&quot;tc_container_background_parallax&quot;:&quot;no&quot;,&quot;tcg_advanced_hover&quot;:&quot;no&quot;,&quot;tc_dark_mode_responsive_hide_in_dark&quot;:&quot;no&quot;,&quot;tc_dark_mode_responsive_hide_in_light&quot;:&quot;no&quot;}\">\n\t\t<div class=\"elementor-element elementor-element-49d79213 e-con-full e-flex e-con e-child\" data-id=\"49d79213\" data-element_type=\"container\" data-e-type=\"container\" data-settings=\"{&quot;tc_container_hover_selector&quot;:&quot;container&quot;,&quot;tc_container_background_parallax&quot;:&quot;no&quot;,&quot;tcg_advanced_hover&quot;:&quot;no&quot;,&quot;tc_dark_mode_responsive_hide_in_dark&quot;:&quot;no&quot;,&quot;tc_dark_mode_responsive_hide_in_light&quot;:&quot;no&quot;}\">\n\t\t\t\t<div class=\"elementor-element elementor-element-390a32bc elementor-widget elementor-widget-heading\" data-id=\"390a32bc\" data-element_type=\"widget\" data-e-type=\"widget\" data-settings=\"{&quot;tc_dark_mode_responsive_hide_in_dark&quot;:&quot;no&quot;,&quot;tc_dark_mode_responsive_hide_in_light&quot;:&quot;no&quot;}\" data-widget_type=\"heading.default\">\n\t\t\t\t<div class=\"elementor-widget-container\">\n\t\t\t\t\t<p class=\"elementor-heading-title elementor-size-default\">Marketingu n\u00eb rrjete sociale fokusohet n\u00eb nd\u00ebrtimin e nj\u00eb komunikimi aktiv, relevant dhe konsistent midis brand-eve dhe audienc\u00ebs s\u00eb tyre n\u00eb platformat digjitale. Ne zhvillojm\u00eb dhe menaxhojm\u00eb prezenc\u00ebn n\u00eb rrjete sociale p\u00ebr t\u00eb mb\u00ebshtetur dukshm\u00ebrin\u00eb, angazhimin dhe rritjen afatgjat\u00eb t\u00eb brand-it, p\u00ebrmes planifikimit dhe zbatimit t\u00eb strukturuar.<\/p>\t\t\t\t<\/div>\n\t\t\t\t<\/div>\n\t\t\t\t<\/div>\n\t\t<div class=\"elementor-element elementor-element-2478ecdb e-con-full e-flex e-con e-child\" data-id=\"2478ecdb\" data-element_type=\"container\" data-e-type=\"container\" data-settings=\"{&quot;tc_container_hover_selector&quot;:&quot;container&quot;,&quot;tc_container_background_parallax&quot;:&quot;no&quot;,&quot;tcg_advanced_hover&quot;:&quot;no&quot;,&quot;tc_dark_mode_responsive_hide_in_dark&quot;:&quot;no&quot;,&quot;tc_dark_mode_responsive_hide_in_light&quot;:&quot;no&quot;}\">\n\t\t\t\t<div class=\"elementor-element elementor-element-615e19b9 elementor-icon-list--layout-traditional elementor-list-item-link-full_width elementor-widget elementor-widget-icon-list\" data-id=\"615e19b9\" data-element_type=\"widget\" data-e-type=\"widget\" data-settings=\"{&quot;tc_dark_mode_responsive_hide_in_dark&quot;:&quot;no&quot;,&quot;tc_dark_mode_responsive_hide_in_light&quot;:&quot;no&quot;}\" data-widget_type=\"icon-list.default\">\n\t\t\t\t<div class=\"elementor-widget-container\">\n\t\t\t\t\t\t\t<ul class=\"elementor-icon-list-items\">\n\t\t\t\t\t\t\t<li class=\"elementor-icon-list-item\">\n\t\t\t\t\t\t\t\t\t\t\t<span class=\"elementor-icon-list-icon\">\n\t\t\t\t\t\t\t<svg aria-hidden=\"true\" class=\"e-font-icon-svg e-fas-circle\" viewbox=\"0 0 512 512\" xmlns=\"http:\/\/www.w3.org\/2000\/svg\"><path d=\"M256 8C119 8 8 119 8 256s111 248 248 248 248-111 248-248S393 8 256 8z\"><\/path><\/svg>\t\t\t\t\t\t<\/span>\n\t\t\t\t\t\t\t\t\t\t<span class=\"elementor-icon-list-text\">Strategjia e Rrjeteve Sociale<\/span>\n\t\t\t\t\t\t\t\t\t<\/li>\n\t\t\t\t\t\t\t\t<li class=\"elementor-icon-list-item\">\n\t\t\t\t\t\t\t\t\t\t\t<span class=\"elementor-icon-list-icon\">\n\t\t\t\t\t\t\t<svg aria-hidden=\"true\" class=\"e-font-icon-svg e-fas-circle\" viewbox=\"0 0 512 512\" xmlns=\"http:\/\/www.w3.org\/2000\/svg\"><path d=\"M256 8C119 8 8 119 8 256s111 248 248 248 248-111 248-248S393 8 256 8z\"><\/path><\/svg>\t\t\t\t\t\t<\/span>\n\t\t\t\t\t\t\t\t\t\t<span class=\"elementor-icon-list-text\">Krijimi &amp; Menaxhimi i P\u00ebrmbajtjes<\/span>\n\t\t\t\t\t\t\t\t\t<\/li>\n\t\t\t\t\t\t\t\t<li class=\"elementor-icon-list-item\">\n\t\t\t\t\t\t\t\t\t\t\t<span class=\"elementor-icon-list-icon\">\n\t\t\t\t\t\t\t<svg aria-hidden=\"true\" class=\"e-font-icon-svg e-fas-circle\" viewbox=\"0 0 512 512\" xmlns=\"http:\/\/www.w3.org\/2000\/svg\"><path d=\"M256 8C119 8 8 119 8 256s111 248 248 248 248-111 248-248S393 8 256 8z\"><\/path><\/svg>\t\t\t\t\t\t<\/span>\n\t\t\t\t\t\t\t\t\t\t<span class=\"elementor-icon-list-text\">Menaxhimi i Komunitetit &amp; Performanc\u00ebs<\/span>\n\t\t\t\t\t\t\t\t\t<\/li>\n\t\t\t\t\t\t<\/ul>\n\t\t\t\t\t\t<\/div>\n\t\t\t\t<\/div>\n\t\t\t\t<\/div>\n\t\t\t\t<\/div>\n\t\t\t\t\t<\/div>\n\t\t\t\t<\/div>\n\t\t<div class=\"elementor-element elementor-element-11cfb6ef e-con-full e-flex e-con e-child\" data-id=\"11cfb6ef\" data-element_type=\"container\" data-e-type=\"container\" data-settings=\"{&quot;tc_container_hover_selector&quot;:&quot;container&quot;,&quot;tc_container_background_parallax&quot;:&quot;no&quot;,&quot;tcg_advanced_hover&quot;:&quot;no&quot;,&quot;tc_dark_mode_responsive_hide_in_dark&quot;:&quot;no&quot;,&quot;tc_dark_mode_responsive_hide_in_light&quot;:&quot;no&quot;}\">\n\t\t\t\t<div class=\"elementor-element elementor-element-5ee5dee4 elementor-widget elementor-widget-image\" data-id=\"5ee5dee4\" data-element_type=\"widget\" data-e-type=\"widget\" data-settings=\"{&quot;tc_dark_mode_responsive_hide_in_dark&quot;:&quot;no&quot;,&quot;tc_dark_mode_responsive_hide_in_light&quot;:&quot;no&quot;}\" data-widget_type=\"image.default\">\n\t\t\t\t<div class=\"elementor-widget-container\">\n\t\t\t\t\t\t\t\t\t\t\t\t\t\t\t<img fetchpriority=\"high\" decoding=\"async\" width=\"2000\" height=\"540\" src=\"https:\/\/conceptmarketing.al\/wp-content\/uploads\/2026\/01\/social-Media.jpg\" class=\"attachment-full size-full wp-image-5654\" alt=\"\u2013 foto\/ilustrim | Concept Marketing Albania - Digital Marketing Agency\" title=\"\u2013 foto\/ilustrim | Concept Marketing Albania\">\t\t\t\t\t\t\t\t\t\t\t\t\t\t\t<\/div>\n\t\t\t\t<\/div>\n\t\t\t\t<\/div>\n\t\t\t\t<\/div>\n\t\t<div class=\"elementor-element elementor-element-79d264b6 e-flex e-con-boxed e-con e-parent\" data-id=\"79d264b6\" data-element_type=\"container\" data-e-type=\"container\" data-settings=\"{&quot;tc_container_hover_selector&quot;:&quot;container&quot;,&quot;tc_container_background_parallax&quot;:&quot;no&quot;,&quot;tcg_advanced_hover&quot;:&quot;no&quot;,&quot;tc_dark_mode_responsive_hide_in_dark&quot;:&quot;no&quot;,&quot;tc_dark_mode_responsive_hide_in_light&quot;:&quot;no&quot;}\">\n\t\t\t\t\t<div class=\"e-con-inner\">\n\t\t<div class=\"elementor-element elementor-element-19c36010 e-con-full e-flex e-con e-child\" data-id=\"19c36010\" data-element_type=\"container\" data-e-type=\"container\" data-settings=\"{&quot;tc_container_hover_selector&quot;:&quot;container&quot;,&quot;tc_container_background_parallax&quot;:&quot;no&quot;,&quot;tcg_advanced_hover&quot;:&quot;no&quot;,&quot;tc_dark_mode_responsive_hide_in_dark&quot;:&quot;no&quot;,&quot;tc_dark_mode_responsive_hide_in_light&quot;:&quot;no&quot;}\">\n\t\t<div class=\"elementor-element elementor-element-44b9a2f e-con-full e-flex e-con e-child\" data-id=\"44b9a2f\" data-element_type=\"container\" data-e-type=\"container\" data-settings=\"{&quot;tc_container_hover_selector&quot;:&quot;container&quot;,&quot;tc_container_background_parallax&quot;:&quot;no&quot;,&quot;tcg_advanced_hover&quot;:&quot;no&quot;,&quot;tc_dark_mode_responsive_hide_in_dark&quot;:&quot;no&quot;,&quot;tc_dark_mode_responsive_hide_in_light&quot;:&quot;no&quot;}\">\n\t\t\t\t<div class=\"elementor-element elementor-element-4f8fa82c elementor-widget elementor-widget-heading\" data-id=\"4f8fa82c\" data-element_type=\"widget\" data-e-type=\"widget\" data-settings=\"{&quot;tc_dark_mode_responsive_hide_in_dark&quot;:&quot;no&quot;,&quot;tc_dark_mode_responsive_hide_in_light&quot;:&quot;no&quot;}\" data-widget_type=\"heading.default\">\n\t\t\t\t<div class=\"elementor-widget-container\">\n\t\t\t\t\t<h2 class=\"elementor-heading-title elementor-size-default\">Ne kombinojm\u00eb pasionin ton\u00eb<\/h2>\t\t\t\t<\/div>\n\t\t\t\t<\/div>\n\t\t\t\t<div class=\"elementor-element elementor-element-45763e84 elementor-widget elementor-widget-heading\" data-id=\"45763e84\" data-element_type=\"widget\" data-e-type=\"widget\" data-settings=\"{&quot;tc_dark_mode_responsive_hide_in_dark&quot;:&quot;no&quot;,&quot;tc_dark_mode_responsive_hide_in_light&quot;:&quot;no&quot;}\" data-widget_type=\"heading.default\">\n\t\t\t\t<div class=\"elementor-widget-container\">\n\t\t\t\t\t<p class=\"elementor-heading-title elementor-size-default\">Sh\u00ebrbimi yn\u00eb i marketingut n\u00eb rrjete sociale nd\u00ebrtohet mbi p\u00ebrmbajtje me vler\u00eb dhe p\u00ebrmir\u00ebsim t\u00eb vazhduesh\u00ebm. Duke harmonizuar kreativitetin me t\u00eb dh\u00ebnat dhe insight-et e platformave, ne i ndihmojm\u00eb brand-et t\u00eb ruajn\u00eb relevanc\u00ebn dhe dukshm\u00ebrin\u00eb n\u00eb mjedise digjitale q\u00eb ndryshojn\u00eb me shpejt\u00ebsi.<\/p>\t\t\t\t<\/div>\n\t\t\t\t<\/div>\n\t\t\t\t<div class=\"elementor-element elementor-element-fe93d87 elementor-widget elementor-widget-heading\" data-id=\"fe93d87\" data-element_type=\"widget\" data-e-type=\"widget\" data-settings=\"{&quot;tc_dark_mode_responsive_hide_in_dark&quot;:&quot;no&quot;,&quot;tc_dark_mode_responsive_hide_in_light&quot;:&quot;no&quot;}\" data-widget_type=\"heading.default\">\n\t\t\t\t<div class=\"elementor-widget-container\">\n\t\t\t\t\t<p class=\"elementor-heading-title elementor-size-default\">Aktiviteti konsistent n\u00eb rrjete sociale forcon njohjen e brand-it, mb\u00ebshtet besimin e audienc\u00ebs dhe krijon mund\u00ebsi t\u00eb vazhdueshme nd\u00ebrveprimi. \u00c7do projekt menaxhohet me fleksibilitet, struktur\u00eb dhe fokus n\u00eb performanc\u00eb.<\/p>\t\t\t\t<\/div>\n\t\t\t\t<\/div>\n\t\t\t\t<\/div>\n\t\t\t\t<\/div>\n\t\t<div class=\"elementor-element elementor-element-dd3c4 e-con-full e-flex e-con e-child\" data-id=\"dd3c4\" data-element_type=\"container\" data-e-type=\"container\" data-settings=\"{&quot;tc_container_hover_selector&quot;:&quot;container&quot;,&quot;tc_container_background_parallax&quot;:&quot;no&quot;,&quot;tcg_advanced_hover&quot;:&quot;no&quot;,&quot;tc_dark_mode_responsive_hide_in_dark&quot;:&quot;no&quot;,&quot;tc_dark_mode_responsive_hide_in_light&quot;:&quot;no&quot;}\">\n\t\t<div class=\"elementor-element elementor-element-6a31e351 e-con-full e-flex e-con e-child\" data-id=\"6a31e351\" data-element_type=\"container\" data-e-type=\"container\" data-settings=\"{&quot;tc_container_hover_selector&quot;:&quot;container&quot;,&quot;tc_container_background_parallax&quot;:&quot;no&quot;,&quot;tcg_advanced_hover&quot;:&quot;no&quot;,&quot;tc_dark_mode_responsive_hide_in_dark&quot;:&quot;no&quot;,&quot;tc_dark_mode_responsive_hide_in_light&quot;:&quot;no&quot;}\">\n\t\t\t\t<div class=\"elementor-element elementor-element-478d2290 elementor-widget elementor-widget-image\" data-id=\"478d2290\" data-element_type=\"widget\" data-e-type=\"widget\" data-settings=\"{&quot;tc_dark_mode_responsive_hide_in_dark&quot;:&quot;no&quot;,&quot;tc_dark_mode_responsive_hide_in_light&quot;:&quot;no&quot;}\" data-widget_type=\"image.default\">\n\t\t\t\t<div class=\"elementor-widget-container\">\n\t\t\t\t\t\t\t\t\t\t\t\t\t\t\t<img decoding=\"async\" width=\"954\" height=\"944\" src=\"https:\/\/conceptmarketing.al\/wp-content\/uploads\/2026\/01\/social-media-marketing.jpg\" class=\"attachment-full size-full wp-image-5655\" alt=\"\u2013 foto\/ilustrim | Concept Marketing Albania - Digital Marketing Agency\" title=\"\u2013 foto\/ilustrim | Concept Marketing Albania\">\t\t\t\t\t\t\t\t\t\t\t\t\t\t\t<\/div>\n\t\t\t\t<\/div>\n\t\t\t\t<\/div>\n\t\t<div class=\"elementor-element elementor-element-1da8e9bf e-con-full e-flex e-con e-child\" data-id=\"1da8e9bf\" data-element_type=\"container\" data-e-type=\"container\" data-settings=\"{&quot;tc_container_hover_selector&quot;:&quot;container&quot;,&quot;tc_container_background_parallax&quot;:&quot;no&quot;,&quot;tcg_advanced_hover&quot;:&quot;no&quot;,&quot;tc_dark_mode_responsive_hide_in_dark&quot;:&quot;no&quot;,&quot;tc_dark_mode_responsive_hide_in_light&quot;:&quot;no&quot;}\">\n\t\t\t\t<div class=\"elementor-element elementor-element-62c60d8e elementor-widget elementor-widget-image\" data-id=\"62c60d8e\" data-element_type=\"widget\" data-e-type=\"widget\" data-settings=\"{&quot;tc_dark_mode_responsive_hide_in_dark&quot;:&quot;no&quot;,&quot;tc_dark_mode_responsive_hide_in_light&quot;:&quot;no&quot;}\" data-widget_type=\"image.default\">\n\t\t\t\t<div class=\"elementor-widget-container\">\n\t\t\t\t\t\t\t\t\t\t\t\t\t\t\t<img decoding=\"async\" width=\"954\" height=\"944\" src=\"https:\/\/conceptmarketing.al\/wp-content\/uploads\/2026\/01\/social-media-1.jpg\" class=\"attachment-full size-full wp-image-5656\" alt=\"\u2013 foto\/ilustrim | Concept Marketing Albania - Digital Marketing Agency\" title=\"\u2013 foto\/ilustrim | Concept Marketing Albania\">\t\t\t\t\t\t\t\t\t\t\t\t\t\t\t<\/div>\n\t\t\t\t<\/div>\n\t\t\t\t<\/div>\n\t\t\t\t<\/div>\n\t\t<div class=\"elementor-element elementor-element-50a05481 e-con-full e-flex e-con e-child\" data-id=\"50a05481\" data-element_type=\"container\" data-e-type=\"container\" data-settings=\"{&quot;tc_container_hover_selector&quot;:&quot;container&quot;,&quot;tc_container_background_parallax&quot;:&quot;no&quot;,&quot;tcg_advanced_hover&quot;:&quot;no&quot;,&quot;tc_dark_mode_responsive_hide_in_dark&quot;:&quot;no&quot;,&quot;tc_dark_mode_responsive_hide_in_light&quot;:&quot;no&quot;}\">\n\t\t<div class=\"elementor-element elementor-element-66351222 e-con-full e-flex e-con e-child\" data-id=\"66351222\" data-element_type=\"container\" data-e-type=\"container\" data-settings=\"{&quot;tc_container_hover_selector&quot;:&quot;container&quot;,&quot;tc_container_background_parallax&quot;:&quot;no&quot;,&quot;tcg_advanced_hover&quot;:&quot;no&quot;,&quot;tc_dark_mode_responsive_hide_in_dark&quot;:&quot;no&quot;,&quot;tc_dark_mode_responsive_hide_in_light&quot;:&quot;no&quot;}\">\n\t\t\t\t<div class=\"elementor-element elementor-element-3a23f327 elementor-widget elementor-widget-heading\" data-id=\"3a23f327\" data-element_type=\"widget\" data-e-type=\"widget\" data-settings=\"{&quot;tc_dark_mode_responsive_hide_in_dark&quot;:&quot;no&quot;,&quot;tc_dark_mode_responsive_hide_in_light&quot;:&quot;no&quot;}\" data-widget_type=\"heading.default\">\n\t\t\t\t<div class=\"elementor-widget-container\">\n\t\t\t\t\t<h2 class=\"elementor-heading-title elementor-size-default\">Procesi i Marketingut n\u00eb Rrjete Sociale<\/h2>\t\t\t\t<\/div>\n\t\t\t\t<\/div>\n\t\t\t\t<div class=\"elementor-element elementor-element-4d6d653 elementor-widget elementor-widget-heading\" data-id=\"4d6d653\" data-element_type=\"widget\" data-e-type=\"widget\" data-settings=\"{&quot;tc_dark_mode_responsive_hide_in_dark&quot;:&quot;no&quot;,&quot;tc_dark_mode_responsive_hide_in_light&quot;:&quot;no&quot;}\" data-widget_type=\"heading.default\">\n\t\t\t\t<div class=\"elementor-widget-container\">\n\t\t\t\t\t<h3 class=\"elementor-heading-title elementor-size-default\">Nj\u00eb qasje e strukturuar ndaj komunikimit digjital<\/h3>\t\t\t\t<\/div>\n\t\t\t\t<\/div>\n\t\t\t\t<div class=\"elementor-element elementor-element-51df4319 elementor-widget elementor-widget-heading\" data-id=\"51df4319\" data-element_type=\"widget\" data-e-type=\"widget\" data-settings=\"{&quot;tc_dark_mode_responsive_hide_in_dark&quot;:&quot;no&quot;,&quot;tc_dark_mode_responsive_hide_in_light&quot;:&quot;no&quot;}\" data-widget_type=\"heading.default\">\n\t\t\t\t<div class=\"elementor-widget-container\">\n\t\t\t\t\t<p class=\"elementor-heading-title elementor-size-default\">Fluksi yn\u00eb i pun\u00ebs siguron q\u00eb aktivitetet n\u00eb rrjete sociale t\u00eb jen\u00eb t\u00eb q\u00ebllimshme, t\u00eb koordinuara dhe t\u00eb orientuara drejt rezultateve. \u00c7do hap mb\u00ebshtet qart\u00ebsin\u00eb, konsistenc\u00ebn dhe p\u00ebrmir\u00ebsimin e matsh\u00ebm me kalimin e koh\u00ebs.<\/p>\t\t\t\t<\/div>\n\t\t\t\t<\/div>\n\t\t\t\t<div class=\"elementor-element elementor-element-2e821a74 elementor-widget elementor-widget-tcgelements-accordion\" data-id=\"2e821a74\" data-element_type=\"widget\" data-e-type=\"widget\" data-settings=\"{&quot;tc_dark_mode_responsive_hide_in_dark&quot;:&quot;no&quot;,&quot;tc_dark_mode_responsive_hide_in_light&quot;:&quot;no&quot;}\" data-widget_type=\"tcgelements-accordion.default\">\n\t\t\t\t<div class=\"elementor-widget-container\">\n\t\t\t\t\t        <div class=\"tcgelements-accordion\"  id=\"accordion69d3b58a3c4ec\">\r\n                            <div class=\"accordion-item active\">\r\n                    <h2 class=\"accordion-header\">\r\n                        <button class=\"accordion-button custom\" data-bs-toggle=\"collapse\" data-bs-target=\"#collapse1accordion69d3b58a3c4ec\">\r\n                                                                                        <span class=\"count\">1.<\/span>\r\n                                                        Discovery & Analysis                                                    <\/button>\r\n                    <\/h2>\r\n                    <div id=\"collapse1accordion69d3b58a3c4ec\" class=\"accordion-collapse collapse show\" data-bs-parent=\"#accordion69d3b58a3c4ec\">\r\n                        <div class=\"accordion-body\">\r\n                            <p>Ne analizojm\u00eb prezenc\u00ebn ekzistuese t\u00eb brand-it, sjelljen e audienc\u00ebs dhe panoram\u00ebn konkurruese p\u00ebr t\u00eb identifikuar mund\u00ebsit\u00eb dhe p\u00ebr t\u00eb p\u00ebrcaktuar drejtimin.<\/p>                        <\/div>\r\n                    <\/div>\r\n                <\/div>\r\n                                <div class=\"accordion-item\">\r\n                    <h2 class=\"accordion-header\">\r\n                        <button class=\"accordion-button custom collapsed\" data-bs-toggle=\"collapse\" data-bs-target=\"#collapse2accordion69d3b58a3c4ec\">\r\n                                                                                        <span class=\"count\">2.<\/span>\r\n                                                        Content Direction & Scheduling                                                    <\/button>\r\n                    <\/h2>\r\n                    <div id=\"collapse2accordion69d3b58a3c4ec\" class=\"accordion-collapse collapse\" data-bs-parent=\"#accordion69d3b58a3c4ec\">\r\n                        <div class=\"accordion-body\">\r\n                            <p>Ne p\u00ebrcaktojm\u00eb temat e p\u00ebrmbajtjes, qasjen e mesazheve, stilin vizual dhe frekuenc\u00ebn e publikimit, t\u00eb p\u00ebrshtatura p\u00ebr secil\u00ebn platform\u00eb.<\/p>                        <\/div>\r\n                    <\/div>\r\n                <\/div>\r\n                                <div class=\"accordion-item\">\r\n                    <h2 class=\"accordion-header\">\r\n                        <button class=\"accordion-button custom collapsed\" data-bs-toggle=\"collapse\" data-bs-target=\"#collapse3accordion69d3b58a3c4ec\">\r\n                                                                                        <span class=\"count\">3.<\/span>\r\n                                                        Evaluation & Optimization                                                    <\/button>\r\n                    <\/h2>\r\n                    <div id=\"collapse3accordion69d3b58a3c4ec\" class=\"accordion-collapse collapse\" data-bs-parent=\"#accordion69d3b58a3c4ec\">\r\n                        <div class=\"accordion-body\">\r\n                            <p>Ne vler\u00ebsojm\u00eb performanc\u00ebn, rafinojm\u00eb vendimet mbi p\u00ebrmbajtjen dhe p\u00ebrshtasim strategjin\u00eb bazuar n\u00eb insight-e dhe dinamikat n\u00eb zhvillim t\u00eb platformave.<\/p>                        <\/div>\r\n                    <\/div>\r\n                <\/div>\r\n                                <div class=\"accordion-item\">\r\n                    <h2 class=\"accordion-header\">\r\n                        <button class=\"accordion-button custom collapsed\" data-bs-toggle=\"collapse\" data-bs-target=\"#collapse4accordion69d3b58a3c4ec\">\r\n                                                                                        <span class=\"count\">4.<\/span>\r\n                                                        Monitoring, Optimization & Reporting                                                    <\/button>\r\n                    <\/h2>\r\n                    <div id=\"collapse4accordion69d3b58a3c4ec\" class=\"accordion-collapse collapse\" data-bs-parent=\"#accordion69d3b58a3c4ec\">\r\n                        <div class=\"accordion-body\">\r\n                            <p data-start=\"1345\" data-end=\"1528\">Ne ndjekim performanc\u00ebn, analizojm\u00eb rezultatet dhe optimizojm\u00eb vazhdimisht p\u00ebrmbajtjen dhe strategjin\u00eb. Ky hap siguron rritje t\u00eb matshme, angazhim t\u00eb audienc\u00ebs dhe p\u00ebrmir\u00ebsim t\u00eb vazhduesh\u00ebm.<\/p>                        <\/div>\r\n                    <\/div>\r\n                <\/div>\r\n                        <\/div>\r\n        \t\t\t\t<\/div>\n\t\t\t\t<\/div>\n\t\t\t\t<div class=\"elementor-element elementor-element-9cbfd4e elementor-align-left elementor-widget elementor-widget-tcgelements-button\" data-id=\"9cbfd4e\" data-element_type=\"widget\" data-e-type=\"widget\" data-settings=\"{&quot;tc_dark_mode_responsive_hide_in_dark&quot;:&quot;no&quot;,&quot;tc_dark_mode_responsive_hide_in_light&quot;:&quot;no&quot;}\" data-widget_type=\"tcgelements-button.default\">\n\t\t\t\t<div class=\"elementor-widget-container\">\n\t\t\t\t\t                            <a  href=\"https:\/\/conceptmarketing.al\/sq\/services\/\"  class=\"tcgelements-button btn-selector-type-button btn-text-selector-type-button  tcgelements-responsive-break-line\"  >\r\n                            <span class=\"tcgelements-button-content-wrapper\">\r\n                                                                                <span class=\"tcgelements-button-text\">\r\n                        Zbulo t\u00eb gjitha sh\u00ebrbimet                    <\/span>\r\n                                                                                    <span class=\"tcgelements-button-icon tcgelements-align-icon-right hover-animation-none\">\r\n                            <svg xmlns=\"http:\/\/www.w3.org\/2000\/svg\" width=\"24\" height=\"24\" viewbox=\"0 0 24 24\" fill=\"none\"><path d=\"M21 3V16.4751H19.5083V5.53591L4.0442 21L3 19.9061L18.4144 4.49171H7.47514V3H21Z\" fill=\"black\"><\/path><\/svg>                        <\/span>\r\n                                    <\/span>\r\n                            <\/a>\r\n                        \t\t\t\t<\/div>\n\t\t\t\t<\/div>\n\t\t\t\t<\/div>\n\t\t\t\t<\/div>\n\t\t\t\t\t<\/div>\n\t\t\t\t<\/div>\n\t\t\t\t<\/div>","protected":false},"excerpt":{"rendered":"<p>Social Media Marketing Social media marketing focuses on building active, relevant, and consistent communication between brands and their audience across digital platforms. We develop and manage social media presences that support visibility, engagement, and long-term brand growth through structured planning and execution. Social Media Strategy Content Creation &amp; Management Community &amp; Performance Management We combine our passion Our social media &hellip;<\/p>","protected":false},"author":1,"featured_media":6094,"parent":1005,"menu_order":0,"comment_status":"closed","ping_status":"closed","template":"blank-builder.php","meta":{"inline_featured_image":false,"footnotes":""},"class_list":["post-5653","page","type-page","status-publish","has-post-thumbnail","hentry"],"_links":{"self":[{"href":"https:\/\/conceptmarketing.al\/sq\/wp-json\/wp\/v2\/pages\/5653","targetHints":{"allow":["GET"]}}],"collection":[{"href":"https:\/\/conceptmarketing.al\/sq\/wp-json\/wp\/v2\/pages"}],"about":[{"href":"https:\/\/conceptmarketing.al\/sq\/wp-json\/wp\/v2\/types\/page"}],"author":[{"embeddable":true,"href":"https:\/\/conceptmarketing.al\/sq\/wp-json\/wp\/v2\/users\/1"}],"replies":[{"embeddable":true,"href":"https:\/\/conceptmarketing.al\/sq\/wp-json\/wp\/v2\/comments?post=5653"}],"version-history":[{"count":13,"href":"https:\/\/conceptmarketing.al\/sq\/wp-json\/wp\/v2\/pages\/5653\/revisions"}],"predecessor-version":[{"id":6160,"href":"https:\/\/conceptmarketing.al\/sq\/wp-json\/wp\/v2\/pages\/5653\/revisions\/6160"}],"up":[{"embeddable":true,"href":"https:\/\/conceptmarketing.al\/sq\/wp-json\/wp\/v2\/pages\/1005"}],"wp:featuredmedia":[{"embeddable":true,"href":"https:\/\/conceptmarketing.al\/sq\/wp-json\/wp\/v2\/media\/6094"}],"wp:attachment":[{"href":"https:\/\/conceptmarketing.al\/sq\/wp-json\/wp\/v2\/media?parent=5653"}],"curies":[{"name":"wp","href":"https:\/\/api.w.org\/{rel}","templated":true}]}}