{"id":3,"date":"2024-12-19T15:25:45","date_gmt":"2024-12-19T15:25:45","guid":{"rendered":"https:\/\/conceptmarketing.al\/?page_id=3"},"modified":"2026-02-09T11:47:25","modified_gmt":"2026-02-09T11:47:25","slug":"privacy-policy","status":"publish","type":"page","link":"https:\/\/conceptmarketing.al\/sq\/privacy-policy\/","title":{"rendered":"Politika e Privat\u00ebsis\u00eb"},"content":{"rendered":"<div data-elementor-type=\"wp-page\" data-elementor-id=\"3\" class=\"elementor elementor-3\" data-elementor-post-type=\"page\">\n\t\t\t\t<div class=\"elementor-element elementor-element-5ae1e191 e-flex e-con-boxed e-con e-parent\" data-id=\"5ae1e191\" data-element_type=\"container\" data-e-type=\"container\" data-settings=\"{&quot;tc_container_hover_selector&quot;:&quot;container&quot;,&quot;tc_container_background_parallax&quot;:&quot;no&quot;,&quot;tcg_advanced_hover&quot;:&quot;no&quot;,&quot;tc_dark_mode_responsive_hide_in_dark&quot;:&quot;no&quot;,&quot;tc_dark_mode_responsive_hide_in_light&quot;:&quot;no&quot;}\">\n\t\t\t\t\t<div class=\"e-con-inner\">\n\t\t\t\t<div class=\"elementor-element elementor-element-b5c377b elementor-widget elementor-widget-heading\" data-id=\"b5c377b\" data-element_type=\"widget\" data-e-type=\"widget\" data-settings=\"{&quot;tc_dark_mode_responsive_hide_in_dark&quot;:&quot;no&quot;,&quot;tc_dark_mode_responsive_hide_in_light&quot;:&quot;no&quot;}\" data-widget_type=\"heading.default\">\n\t\t\t\t<div class=\"elementor-widget-container\">\n\t\t\t\t\t<h2 class=\"elementor-heading-title elementor-size-default\">Politika e Privat\u00ebsis\u00eb<\/h2>\t\t\t\t<\/div>\n\t\t\t\t<\/div>\n\t\t\t\t<div class=\"elementor-element elementor-element-70a6ba66 elementor-widget elementor-widget-text-editor\" data-id=\"70a6ba66\" data-element_type=\"widget\" data-e-type=\"widget\" data-settings=\"{&quot;tc_dark_mode_responsive_hide_in_dark&quot;:&quot;no&quot;,&quot;tc_dark_mode_responsive_hide_in_light&quot;:&quot;no&quot;}\" data-widget_type=\"text-editor.default\">\n\t\t\t\t<div class=\"elementor-widget-container\">\n\t\t\t\t\t\t\t\t\t<p data-start=\"121\" data-end=\"155\"><strong data-start=\"121\" data-end=\"155\">P\u00ebrdit\u00ebsuar s\u00eb fundmi: 30 Janar 2026<\/strong><\/p>\n<p data-start=\"157\" data-end=\"391\">Concept Marketing Albania (\u201cwe\u201d, \u201cour\u201d, \u201cus\u201d) operates the website <strong data-start=\"224\" data-end=\"255\"><a class=\"decorated-link\" href=\"https:\/\/conceptmarketing.al\/sq\/\" target=\"_new\" rel=\"noopener\" data-start=\"226\" data-end=\"253\">https:\/\/conceptmarketing.al<\/a><\/strong>.<br data-start=\"256\" data-end=\"259\" \/>This Privacy Policy explains how we collect, use, store, and protect your personal data when you visit or interact with our website.<br \/>We are committed to protecting your privacy and handling your personal data in a transparent and secure manner, in accordance with applicable data protection laws, including the General Data Protection Regulation (GDPR).<\/p>\t\t\t\t\t\t\t\t<\/div>\n\t\t\t\t<\/div>\n\t\t\t\t<div class=\"elementor-element elementor-element-da708c5 elementor-widget elementor-widget-heading\" data-id=\"da708c5\" data-element_type=\"widget\" data-e-type=\"widget\" data-settings=\"{&quot;tc_dark_mode_responsive_hide_in_dark&quot;:&quot;no&quot;,&quot;tc_dark_mode_responsive_hide_in_light&quot;:&quot;no&quot;}\" data-widget_type=\"heading.default\">\n\t\t\t\t<div class=\"elementor-widget-container\">\n\t\t\t\t\t<h2 class=\"elementor-heading-title elementor-size-default\">Who We Are<\/h2>\t\t\t\t<\/div>\n\t\t\t\t<\/div>\n\t\t\t\t<div class=\"elementor-element elementor-element-57d6adc elementor-widget elementor-widget-text-editor\" data-id=\"57d6adc\" data-element_type=\"widget\" data-e-type=\"widget\" data-settings=\"{&quot;tc_dark_mode_responsive_hide_in_dark&quot;:&quot;no&quot;,&quot;tc_dark_mode_responsive_hide_in_light&quot;:&quot;no&quot;}\" data-widget_type=\"text-editor.default\">\n\t\t\t\t<div class=\"elementor-widget-container\">\n\t\t\t\t\t\t\t\t\t<p>Our website address is: https:\/\/conceptmarketing.al<br \/>Business name: Concept Marketing Albania<br \/>Contact email: info@conceptmarketing.al<\/p>\t\t\t\t\t\t\t\t<\/div>\n\t\t\t\t<\/div>\n\t\t\t\t<div class=\"elementor-element elementor-element-0927814 elementor-widget elementor-widget-heading\" data-id=\"0927814\" data-element_type=\"widget\" data-e-type=\"widget\" data-settings=\"{&quot;tc_dark_mode_responsive_hide_in_dark&quot;:&quot;no&quot;,&quot;tc_dark_mode_responsive_hide_in_light&quot;:&quot;no&quot;}\" data-widget_type=\"heading.default\">\n\t\t\t\t<div class=\"elementor-widget-container\">\n\t\t\t\t\t<h2 class=\"elementor-heading-title elementor-size-default\">What Personal Data We Collect and Why<\/h2>\t\t\t\t<\/div>\n\t\t\t\t<\/div>\n\t\t\t\t<div class=\"elementor-element elementor-element-a402a07 elementor-widget elementor-widget-text-editor\" data-id=\"a402a07\" data-element_type=\"widget\" data-e-type=\"widget\" data-settings=\"{&quot;tc_dark_mode_responsive_hide_in_dark&quot;:&quot;no&quot;,&quot;tc_dark_mode_responsive_hide_in_light&quot;:&quot;no&quot;}\" data-widget_type=\"text-editor.default\">\n\t\t\t\t<div class=\"elementor-widget-container\">\n\t\t\t\t\t\t\t\t\t<p><strong>Comments<br \/><\/strong>When visitors leave comments on the website, we collect the data shown in the comments form, as well as the visitor\u2019s IP address and browser user agent string. This information is collected to help detect and prevent spam.<br \/>An anonymized string (hash) created from your email address may be shared with the Gravatar service to verify whether you use it. The Gravatar service privacy policy is available at: https:\/\/automattic.com\/privacy\/.<br \/>Once your comment is approved, your profile picture (if available) may be visible to the public in the context of your comment.<\/p>\n<p><strong>Media<br \/><\/strong>If you upload images to the website, you should avoid uploading images that contain embedded location data (EXIF GPS). Visitors to the website may be able to download and extract location data from images published on the site.<strong><br \/><\/strong><\/p>\n<p><strong>Cookies<br \/><\/strong><\/p>\n<p data-start=\"1677\" data-end=\"1747\">Our website uses cookies to improve user experience and functionality.<br \/>&#8211; If you leave a comment, you may choose to save your name, email address, and website in cookies. These cookies are stored for one year for your convenience.<br \/>&#8211; If you visit our login page, a temporary cookie is set to check whether your browser accepts cookies. This cookie does not contain personal data and is discarded when you close your browser.<br \/>&#8211; When you log in, cookies are used to store your login information and display preferences. Login cookies last for two days, and screen option cookies last for one year.<br \/>&#8211; If you select \u201cRemember Me\u201d, your login session will persist for two weeks.<br \/>&#8211; If you log out, login cookies are removed.<br \/>&#8211; If you edit or publish content, an additional cookie may be stored in your browser. This cookie does not contain personal data and expires after one day.<br \/><em>You can control or delete cookies at any time through your browser settings.<\/em><\/p>\t\t\t\t\t\t\t\t<\/div>\n\t\t\t\t<\/div>\n\t\t\t\t<div class=\"elementor-element elementor-element-8b826ba elementor-widget elementor-widget-heading\" data-id=\"8b826ba\" data-element_type=\"widget\" data-e-type=\"widget\" data-settings=\"{&quot;tc_dark_mode_responsive_hide_in_dark&quot;:&quot;no&quot;,&quot;tc_dark_mode_responsive_hide_in_light&quot;:&quot;no&quot;}\" data-widget_type=\"heading.default\">\n\t\t\t\t<div class=\"elementor-widget-container\">\n\t\t\t\t\t<h2 class=\"elementor-heading-title elementor-size-default\">Embedded Content from Other Websites<\/h2>\t\t\t\t<\/div>\n\t\t\t\t<\/div>\n\t\t\t\t<div class=\"elementor-element elementor-element-5b73900 elementor-widget elementor-widget-text-editor\" data-id=\"5b73900\" data-element_type=\"widget\" data-e-type=\"widget\" data-settings=\"{&quot;tc_dark_mode_responsive_hide_in_dark&quot;:&quot;no&quot;,&quot;tc_dark_mode_responsive_hide_in_light&quot;:&quot;no&quot;}\" data-widget_type=\"text-editor.default\">\n\t\t\t\t<div class=\"elementor-widget-container\">\n\t\t\t\t\t\t\t\t\t<p data-start=\"2676\" data-end=\"2885\">Articles or pages on this website may include embedded content (such as videos, images, or articles). Embedded content from other websites behaves in the same way as if you had visited those websites directly.<br \/>These external websites may collect data about you, use cookies, embed third-party tracking tools, and monitor your interaction with the embedded content, particularly if you are logged in to their platform.<\/p>\t\t\t\t\t\t\t\t<\/div>\n\t\t\t\t<\/div>\n\t\t\t\t<div class=\"elementor-element elementor-element-d77af0e elementor-widget elementor-widget-heading\" data-id=\"d77af0e\" data-element_type=\"widget\" data-e-type=\"widget\" data-settings=\"{&quot;tc_dark_mode_responsive_hide_in_dark&quot;:&quot;no&quot;,&quot;tc_dark_mode_responsive_hide_in_light&quot;:&quot;no&quot;}\" data-widget_type=\"heading.default\">\n\t\t\t\t<div class=\"elementor-widget-container\">\n\t\t\t\t\t<h2 class=\"elementor-heading-title elementor-size-default\">Who We Share Your Data With<\/h2>\t\t\t\t<\/div>\n\t\t\t\t<\/div>\n\t\t\t\t<div class=\"elementor-element elementor-element-3477bba elementor-widget elementor-widget-text-editor\" data-id=\"3477bba\" data-element_type=\"widget\" data-e-type=\"widget\" data-settings=\"{&quot;tc_dark_mode_responsive_hide_in_dark&quot;:&quot;no&quot;,&quot;tc_dark_mode_responsive_hide_in_light&quot;:&quot;no&quot;}\" data-widget_type=\"text-editor.default\">\n\t\t\t\t<div class=\"elementor-widget-container\">\n\t\t\t\t\t\t\t\t\t<p data-start=\"3133\" data-end=\"3200\">We do not sell, trade, or rent your personal data to third parties.<br \/>If you request a password reset, your IP address may be included in the reset email for security purposes.<br \/>Visitor comments may be processed through automated spam detection services.<\/p>\t\t\t\t\t\t\t\t<\/div>\n\t\t\t\t<\/div>\n\t\t\t\t<div class=\"elementor-element elementor-element-6b8ea9d elementor-widget elementor-widget-heading\" data-id=\"6b8ea9d\" data-element_type=\"widget\" data-e-type=\"widget\" data-settings=\"{&quot;tc_dark_mode_responsive_hide_in_dark&quot;:&quot;no&quot;,&quot;tc_dark_mode_responsive_hide_in_light&quot;:&quot;no&quot;}\" data-widget_type=\"heading.default\">\n\t\t\t\t<div class=\"elementor-widget-container\">\n\t\t\t\t\t<h2 class=\"elementor-heading-title elementor-size-default\">How Long We Retain Your Data<\/h2>\t\t\t\t<\/div>\n\t\t\t\t<\/div>\n\t\t\t\t<div class=\"elementor-element elementor-element-ea697d1 elementor-widget elementor-widget-text-editor\" data-id=\"ea697d1\" data-element_type=\"widget\" data-e-type=\"widget\" data-settings=\"{&quot;tc_dark_mode_responsive_hide_in_dark&quot;:&quot;no&quot;,&quot;tc_dark_mode_responsive_hide_in_light&quot;:&quot;no&quot;}\" data-widget_type=\"text-editor.default\">\n\t\t\t\t<div class=\"elementor-widget-container\">\n\t\t\t\t\t\t\t\t\t<p data-start=\"3428\" data-end=\"3548\">&#8211; Comments and their metadata are retained indefinitely to allow automatic recognition and approval of follow-up comments.<br \/>&#8211; For users who register on the website (if applicable), we store the personal information provided in their user profile. Users can view, edit, or delete their personal data at any time (except for the username). Website administrators may also access and edit this information when necessary.<\/p>\t\t\t\t\t\t\t\t<\/div>\n\t\t\t\t<\/div>\n\t\t\t\t<div class=\"elementor-element elementor-element-3d99af6 elementor-widget elementor-widget-heading\" data-id=\"3d99af6\" data-element_type=\"widget\" data-e-type=\"widget\" data-settings=\"{&quot;tc_dark_mode_responsive_hide_in_dark&quot;:&quot;no&quot;,&quot;tc_dark_mode_responsive_hide_in_light&quot;:&quot;no&quot;}\" data-widget_type=\"heading.default\">\n\t\t\t\t<div class=\"elementor-widget-container\">\n\t\t\t\t\t<h2 class=\"elementor-heading-title elementor-size-default\">What Rights You Have Over Your Data<\/h2>\t\t\t\t<\/div>\n\t\t\t\t<\/div>\n\t\t\t\t<div class=\"elementor-element elementor-element-e288eb1 elementor-widget elementor-widget-text-editor\" data-id=\"e288eb1\" data-element_type=\"widget\" data-e-type=\"widget\" data-settings=\"{&quot;tc_dark_mode_responsive_hide_in_dark&quot;:&quot;no&quot;,&quot;tc_dark_mode_responsive_hide_in_light&quot;:&quot;no&quot;}\" data-widget_type=\"text-editor.default\">\n\t\t\t\t<div class=\"elementor-widget-container\">\n\t\t\t\t\t\t\t\t\t<p>You have the right to:<br \/>&#8211; Request access to the personal data we hold about you<br \/>&#8211; Request an exported copy of your personal data<br \/>&#8211; Request correction or deletion of your personal data<br \/>These requests do not apply to data we are required to retain for administrative, legal, or security purposes.<br \/>To exercise your rights, please contact us at info@conceptmarketing.al<br \/>.<\/p>\t\t\t\t\t\t\t\t<\/div>\n\t\t\t\t<\/div>\n\t\t\t\t<div class=\"elementor-element elementor-element-7a202c7 elementor-widget elementor-widget-heading\" data-id=\"7a202c7\" data-element_type=\"widget\" data-e-type=\"widget\" data-settings=\"{&quot;tc_dark_mode_responsive_hide_in_dark&quot;:&quot;no&quot;,&quot;tc_dark_mode_responsive_hide_in_light&quot;:&quot;no&quot;}\" data-widget_type=\"heading.default\">\n\t\t\t\t<div class=\"elementor-widget-container\">\n\t\t\t\t\t<h2 class=\"elementor-heading-title elementor-size-default\">Where Your Data Is Sent<\/h2>\t\t\t\t<\/div>\n\t\t\t\t<\/div>\n\t\t\t\t<div class=\"elementor-element elementor-element-f908700 elementor-widget elementor-widget-text-editor\" data-id=\"f908700\" data-element_type=\"widget\" data-e-type=\"widget\" data-settings=\"{&quot;tc_dark_mode_responsive_hide_in_dark&quot;:&quot;no&quot;,&quot;tc_dark_mode_responsive_hide_in_light&quot;:&quot;no&quot;}\" data-widget_type=\"text-editor.default\">\n\t\t\t\t<div class=\"elementor-widget-container\">\n\t\t\t\t\t\t\t\t\t<p data-start=\"4302\" data-end=\"4417\">Visitor comments may be checked through automated spam detection services to ensure website security and integrity.<\/p>\t\t\t\t\t\t\t\t<\/div>\n\t\t\t\t<\/div>\n\t\t\t\t<div class=\"elementor-element elementor-element-d70157c elementor-widget elementor-widget-heading\" data-id=\"d70157c\" data-element_type=\"widget\" data-e-type=\"widget\" data-settings=\"{&quot;tc_dark_mode_responsive_hide_in_dark&quot;:&quot;no&quot;,&quot;tc_dark_mode_responsive_hide_in_light&quot;:&quot;no&quot;}\" data-widget_type=\"heading.default\">\n\t\t\t\t<div class=\"elementor-widget-container\">\n\t\t\t\t\t<h2 class=\"elementor-heading-title elementor-size-default\">Changes to This Privacy Policy<\/h2>\t\t\t\t<\/div>\n\t\t\t\t<\/div>\n\t\t\t\t<div class=\"elementor-element elementor-element-74d2717 elementor-widget elementor-widget-text-editor\" data-id=\"74d2717\" data-element_type=\"widget\" data-e-type=\"widget\" data-settings=\"{&quot;tc_dark_mode_responsive_hide_in_dark&quot;:&quot;no&quot;,&quot;tc_dark_mode_responsive_hide_in_light&quot;:&quot;no&quot;}\" data-widget_type=\"text-editor.default\">\n\t\t\t\t<div class=\"elementor-widget-container\">\n\t\t\t\t\t\t\t\t\t<p data-start=\"4302\" data-end=\"4417\">We may update this Privacy Policy from time to time to reflect changes in legal requirements or website functionality. Any updates will be published on this page.<\/p>\t\t\t\t\t\t\t\t<\/div>\n\t\t\t\t<\/div>\n\t\t\t\t<div class=\"elementor-element elementor-element-cb4eca9 elementor-widget elementor-widget-heading\" data-id=\"cb4eca9\" data-element_type=\"widget\" data-e-type=\"widget\" data-settings=\"{&quot;tc_dark_mode_responsive_hide_in_dark&quot;:&quot;no&quot;,&quot;tc_dark_mode_responsive_hide_in_light&quot;:&quot;no&quot;}\" data-widget_type=\"heading.default\">\n\t\t\t\t<div class=\"elementor-widget-container\">\n\t\t\t\t\t<h2 class=\"elementor-heading-title elementor-size-default\">Contact Information<\/h2>\t\t\t\t<\/div>\n\t\t\t\t<\/div>\n\t\t\t\t<div class=\"elementor-element elementor-element-5a2f5e5 elementor-widget elementor-widget-text-editor\" data-id=\"5a2f5e5\" data-element_type=\"widget\" data-e-type=\"widget\" data-settings=\"{&quot;tc_dark_mode_responsive_hide_in_dark&quot;:&quot;no&quot;,&quot;tc_dark_mode_responsive_hide_in_light&quot;:&quot;no&quot;}\" data-widget_type=\"text-editor.default\">\n\t\t\t\t<div class=\"elementor-widget-container\">\n\t\t\t\t\t\t\t\t\t<p>If you have any questions about this Privacy Policy or how your data is handled, you can contact us at:<br \/>info@conceptmarketing.al<br \/>https:\/\/conceptmarketing.al<\/p>\t\t\t\t\t\t\t\t<\/div>\n\t\t\t\t<\/div>\n\t\t\t\t\t<\/div>\n\t\t\t\t<\/div>\n\t\t\t\t<\/div>","protected":false},"excerpt":{"rendered":"<p>Privacy Policy Last updated: January 30, 2026 Concept Marketing Albania (\u201cwe\u201d, \u201cour\u201d, \u201cus\u201d) operates the website https:\/\/conceptmarketing.al.This Privacy Policy explains how we collect, use, store, and protect your personal data when you visit or interact with our website.We are committed to protecting your privacy and handling your personal data in a transparent and secure manner, in accordance with applicable data &hellip;<\/p>","protected":false},"author":1,"featured_media":0,"parent":0,"menu_order":0,"comment_status":"closed","ping_status":"open","template":"elementor_header_footer","meta":{"inline_featured_image":false,"footnotes":""},"class_list":["post-3","page","type-page","status-publish","hentry"],"_links":{"self":[{"href":"https:\/\/conceptmarketing.al\/sq\/wp-json\/wp\/v2\/pages\/3","targetHints":{"allow":["GET"]}}],"collection":[{"href":"https:\/\/conceptmarketing.al\/sq\/wp-json\/wp\/v2\/pages"}],"about":[{"href":"https:\/\/conceptmarketing.al\/sq\/wp-json\/wp\/v2\/types\/page"}],"author":[{"embeddable":true,"href":"https:\/\/conceptmarketing.al\/sq\/wp-json\/wp\/v2\/users\/1"}],"replies":[{"embeddable":true,"href":"https:\/\/conceptmarketing.al\/sq\/wp-json\/wp\/v2\/comments?post=3"}],"version-history":[{"count":9,"href":"https:\/\/conceptmarketing.al\/sq\/wp-json\/wp\/v2\/pages\/3\/revisions"}],"predecessor-version":[{"id":5796,"href":"https:\/\/conceptmarketing.al\/sq\/wp-json\/wp\/v2\/pages\/3\/revisions\/5796"}],"wp:attachment":[{"href":"https:\/\/conceptmarketing.al\/sq\/wp-json\/wp\/v2\/media?parent=3"}],"curies":[{"name":"wp","href":"https:\/\/api.w.org\/{rel}","templated":true}]}}