{"id":1007,"date":"2024-11-04T21:38:35","date_gmt":"2024-11-04T21:38:35","guid":{"rendered":"https:\/\/hubfolio.themescamp.com\/creative-studio\/?page_id=1007"},"modified":"2026-02-13T08:36:39","modified_gmt":"2026-02-13T08:36:39","slug":"branding-service-albania","status":"publish","type":"page","link":"https:\/\/conceptmarketing.al\/sq\/services\/branding-service-albania\/","title":{"rendered":"Brandim"},"content":{"rendered":"<div data-elementor-type=\"wp-page\" data-elementor-id=\"1007\" class=\"elementor elementor-1007\" data-elementor-post-type=\"page\">\n\t\t\t\t<div class=\"elementor-element elementor-element-760f41fc e-con-full e-flex e-con e-parent\" data-id=\"760f41fc\" data-element_type=\"container\" data-e-type=\"container\" data-settings=\"{&quot;tc_container_hover_selector&quot;:&quot;container&quot;,&quot;tc_container_background_parallax&quot;:&quot;no&quot;,&quot;tcg_advanced_hover&quot;:&quot;no&quot;,&quot;tc_dark_mode_responsive_hide_in_dark&quot;:&quot;no&quot;,&quot;tc_dark_mode_responsive_hide_in_light&quot;:&quot;no&quot;}\">\n\t\t<div class=\"elementor-element elementor-element-7cb0cc45 e-flex e-con-boxed e-con e-child\" data-id=\"7cb0cc45\" data-element_type=\"container\" data-e-type=\"container\" data-settings=\"{&quot;tc_container_hover_selector&quot;:&quot;container&quot;,&quot;tc_container_background_parallax&quot;:&quot;no&quot;,&quot;tcg_advanced_hover&quot;:&quot;no&quot;,&quot;tc_dark_mode_responsive_hide_in_dark&quot;:&quot;no&quot;,&quot;tc_dark_mode_responsive_hide_in_light&quot;:&quot;no&quot;}\">\n\t\t\t\t\t<div class=\"e-con-inner\">\n\t\t\t\t<div class=\"elementor-element elementor-element-70c4b45b elementor-widget elementor-widget-heading\" data-id=\"70c4b45b\" data-element_type=\"widget\" data-e-type=\"widget\" data-settings=\"{&quot;tc_dark_mode_responsive_hide_in_dark&quot;:&quot;no&quot;,&quot;tc_dark_mode_responsive_hide_in_light&quot;:&quot;no&quot;}\" data-widget_type=\"heading.default\">\n\t\t\t\t<div class=\"elementor-widget-container\">\n\t\t\t\t\t<h1 class=\"elementor-heading-title elementor-size-default\">Brandim<\/h1>\t\t\t\t<\/div>\n\t\t\t\t<\/div>\n\t\t<div class=\"elementor-element elementor-element-3e02ebd e-con-full e-flex e-con e-child\" data-id=\"3e02ebd\" data-element_type=\"container\" data-e-type=\"container\" data-settings=\"{&quot;tc_container_hover_selector&quot;:&quot;container&quot;,&quot;tc_container_background_parallax&quot;:&quot;no&quot;,&quot;tcg_advanced_hover&quot;:&quot;no&quot;,&quot;tc_dark_mode_responsive_hide_in_dark&quot;:&quot;no&quot;,&quot;tc_dark_mode_responsive_hide_in_light&quot;:&quot;no&quot;}\">\n\t\t<div class=\"elementor-element elementor-element-49d79213 e-con-full e-flex e-con e-child\" data-id=\"49d79213\" data-element_type=\"container\" data-e-type=\"container\" data-settings=\"{&quot;tc_container_hover_selector&quot;:&quot;container&quot;,&quot;tc_container_background_parallax&quot;:&quot;no&quot;,&quot;tcg_advanced_hover&quot;:&quot;no&quot;,&quot;tc_dark_mode_responsive_hide_in_dark&quot;:&quot;no&quot;,&quot;tc_dark_mode_responsive_hide_in_light&quot;:&quot;no&quot;}\">\n\t\t\t\t<div class=\"elementor-element elementor-element-390a32bc elementor-widget elementor-widget-heading\" data-id=\"390a32bc\" data-element_type=\"widget\" data-e-type=\"widget\" data-settings=\"{&quot;tc_dark_mode_responsive_hide_in_dark&quot;:&quot;no&quot;,&quot;tc_dark_mode_responsive_hide_in_light&quot;:&quot;no&quot;}\" data-widget_type=\"heading.default\">\n\t\t\t\t<div class=\"elementor-widget-container\">\n\t\t\t\t\t<p class=\"elementor-heading-title elementor-size-default\">Branding-u \u00ebsht\u00eb procesi i nd\u00ebrtimit t\u00eb nj\u00eb identiteti t\u00eb qart\u00eb, konsistent dhe leht\u00ebsisht t\u00eb dalluesh\u00ebm p\u00ebr biznesin tuaj. Ne krijojm\u00eb sisteme brandimi q\u00eb harmonizojn\u00eb strategjin\u00eb, identitetin vizual dhe komunikimin, duke siguruar q\u00eb brand-i juaj t\u00eb perceptohet me qart\u00ebsi dhe besueshm\u00ebri n\u00eb t\u00eb gjitha kanalet.<\/p>\t\t\t\t<\/div>\n\t\t\t\t<\/div>\n\t\t\t\t<\/div>\n\t\t<div class=\"elementor-element elementor-element-2478ecdb e-con-full e-flex e-con e-child\" data-id=\"2478ecdb\" data-element_type=\"container\" data-e-type=\"container\" data-settings=\"{&quot;tc_container_hover_selector&quot;:&quot;container&quot;,&quot;tc_container_background_parallax&quot;:&quot;no&quot;,&quot;tcg_advanced_hover&quot;:&quot;no&quot;,&quot;tc_dark_mode_responsive_hide_in_dark&quot;:&quot;no&quot;,&quot;tc_dark_mode_responsive_hide_in_light&quot;:&quot;no&quot;}\">\n\t\t\t\t<div class=\"elementor-element elementor-element-615e19b9 elementor-icon-list--layout-traditional elementor-list-item-link-full_width elementor-widget elementor-widget-icon-list\" data-id=\"615e19b9\" data-element_type=\"widget\" data-e-type=\"widget\" data-settings=\"{&quot;tc_dark_mode_responsive_hide_in_dark&quot;:&quot;no&quot;,&quot;tc_dark_mode_responsive_hide_in_light&quot;:&quot;no&quot;}\" data-widget_type=\"icon-list.default\">\n\t\t\t\t<div class=\"elementor-widget-container\">\n\t\t\t\t\t\t\t<ul class=\"elementor-icon-list-items\">\n\t\t\t\t\t\t\t<li class=\"elementor-icon-list-item\">\n\t\t\t\t\t\t\t\t\t\t\t<span class=\"elementor-icon-list-icon\">\n\t\t\t\t\t\t\t<svg aria-hidden=\"true\" class=\"e-font-icon-svg e-fas-circle\" viewbox=\"0 0 512 512\" xmlns=\"http:\/\/www.w3.org\/2000\/svg\"><path d=\"M256 8C119 8 8 119 8 256s111 248 248 248 248-111 248-248S393 8 256 8z\"><\/path><\/svg>\t\t\t\t\t\t<\/span>\n\t\t\t\t\t\t\t\t\t\t<span class=\"elementor-icon-list-text\">Strategjia e Mark\u00ebs<\/span>\n\t\t\t\t\t\t\t\t\t<\/li>\n\t\t\t\t\t\t\t\t<li class=\"elementor-icon-list-item\">\n\t\t\t\t\t\t\t\t\t\t\t<span class=\"elementor-icon-list-icon\">\n\t\t\t\t\t\t\t<svg aria-hidden=\"true\" class=\"e-font-icon-svg e-fas-circle\" viewbox=\"0 0 512 512\" xmlns=\"http:\/\/www.w3.org\/2000\/svg\"><path d=\"M256 8C119 8 8 119 8 256s111 248 248 248 248-111 248-248S393 8 256 8z\"><\/path><\/svg>\t\t\t\t\t\t<\/span>\n\t\t\t\t\t\t\t\t\t\t<span class=\"elementor-icon-list-text\">Identitet Vizual<\/span>\n\t\t\t\t\t\t\t\t\t<\/li>\n\t\t\t\t\t\t\t\t<li class=\"elementor-icon-list-item\">\n\t\t\t\t\t\t\t\t\t\t\t<span class=\"elementor-icon-list-icon\">\n\t\t\t\t\t\t\t<svg aria-hidden=\"true\" class=\"e-font-icon-svg e-fas-circle\" viewbox=\"0 0 512 512\" xmlns=\"http:\/\/www.w3.org\/2000\/svg\"><path d=\"M256 8C119 8 8 119 8 256s111 248 248 248 248-111 248-248S393 8 256 8z\"><\/path><\/svg>\t\t\t\t\t\t<\/span>\n\t\t\t\t\t\t\t\t\t\t<span class=\"elementor-icon-list-text\">Manuali i Brand-it<\/span>\n\t\t\t\t\t\t\t\t\t<\/li>\n\t\t\t\t\t\t<\/ul>\n\t\t\t\t\t\t<\/div>\n\t\t\t\t<\/div>\n\t\t\t\t<\/div>\n\t\t\t\t<\/div>\n\t\t\t\t\t<\/div>\n\t\t\t\t<\/div>\n\t\t<div class=\"elementor-element elementor-element-11cfb6ef e-con-full e-flex e-con e-child\" data-id=\"11cfb6ef\" data-element_type=\"container\" data-e-type=\"container\" data-settings=\"{&quot;tc_container_hover_selector&quot;:&quot;container&quot;,&quot;tc_container_background_parallax&quot;:&quot;no&quot;,&quot;tcg_advanced_hover&quot;:&quot;no&quot;,&quot;tc_dark_mode_responsive_hide_in_dark&quot;:&quot;no&quot;,&quot;tc_dark_mode_responsive_hide_in_light&quot;:&quot;no&quot;}\">\n\t\t\t\t<div class=\"elementor-element elementor-element-5ee5dee4 elementor-widget elementor-widget-image\" data-id=\"5ee5dee4\" data-element_type=\"widget\" data-e-type=\"widget\" data-settings=\"{&quot;tc_dark_mode_responsive_hide_in_dark&quot;:&quot;no&quot;,&quot;tc_dark_mode_responsive_hide_in_light&quot;:&quot;no&quot;}\" data-widget_type=\"image.default\">\n\t\t\t\t<div class=\"elementor-widget-container\">\n\t\t\t\t\t\t\t\t\t\t\t\t\t\t\t<img fetchpriority=\"high\" decoding=\"async\" width=\"2000\" height=\"540\" src=\"https:\/\/conceptmarketing.al\/wp-content\/uploads\/2026\/01\/branding.jpg\" class=\"attachment-full size-full wp-image-5641\" alt=\"\u2013 foto\/ilustrim | Concept Marketing Albania - Digital Marketing Agency\" title=\"\u2013 foto\/ilustrim | Concept Marketing Albania\">\t\t\t\t\t\t\t\t\t\t\t\t\t\t\t<\/div>\n\t\t\t\t<\/div>\n\t\t\t\t<\/div>\n\t\t\t\t<\/div>\n\t\t<div class=\"elementor-element elementor-element-79d264b6 e-flex e-con-boxed e-con e-parent\" data-id=\"79d264b6\" data-element_type=\"container\" data-e-type=\"container\" data-settings=\"{&quot;tc_container_hover_selector&quot;:&quot;container&quot;,&quot;tc_container_background_parallax&quot;:&quot;no&quot;,&quot;tcg_advanced_hover&quot;:&quot;no&quot;,&quot;tc_dark_mode_responsive_hide_in_dark&quot;:&quot;no&quot;,&quot;tc_dark_mode_responsive_hide_in_light&quot;:&quot;no&quot;}\">\n\t\t\t\t\t<div class=\"e-con-inner\">\n\t\t<div class=\"elementor-element elementor-element-19c36010 e-con-full e-flex e-con e-child\" data-id=\"19c36010\" data-element_type=\"container\" data-e-type=\"container\" data-settings=\"{&quot;tc_container_hover_selector&quot;:&quot;container&quot;,&quot;tc_container_background_parallax&quot;:&quot;no&quot;,&quot;tcg_advanced_hover&quot;:&quot;no&quot;,&quot;tc_dark_mode_responsive_hide_in_dark&quot;:&quot;no&quot;,&quot;tc_dark_mode_responsive_hide_in_light&quot;:&quot;no&quot;}\">\n\t\t<div class=\"elementor-element elementor-element-44b9a2f e-con-full e-flex e-con e-child\" data-id=\"44b9a2f\" data-element_type=\"container\" data-e-type=\"container\" data-settings=\"{&quot;tc_container_hover_selector&quot;:&quot;container&quot;,&quot;tc_container_background_parallax&quot;:&quot;no&quot;,&quot;tcg_advanced_hover&quot;:&quot;no&quot;,&quot;tc_dark_mode_responsive_hide_in_dark&quot;:&quot;no&quot;,&quot;tc_dark_mode_responsive_hide_in_light&quot;:&quot;no&quot;}\">\n\t\t\t\t<div class=\"elementor-element elementor-element-4f8fa82c elementor-widget elementor-widget-heading\" data-id=\"4f8fa82c\" data-element_type=\"widget\" data-e-type=\"widget\" data-settings=\"{&quot;tc_dark_mode_responsive_hide_in_dark&quot;:&quot;no&quot;,&quot;tc_dark_mode_responsive_hide_in_light&quot;:&quot;no&quot;}\" data-widget_type=\"heading.default\">\n\t\t\t\t<div class=\"elementor-widget-container\">\n\t\t\t\t\t<h2 class=\"elementor-heading-title elementor-size-default\">Ne kombinojm\u00eb pasionin ton\u00eb<\/h2>\t\t\t\t<\/div>\n\t\t\t\t<\/div>\n\t\t\t\t<div class=\"elementor-element elementor-element-45763e84 elementor-widget elementor-widget-heading\" data-id=\"45763e84\" data-element_type=\"widget\" data-e-type=\"widget\" data-settings=\"{&quot;tc_dark_mode_responsive_hide_in_dark&quot;:&quot;no&quot;,&quot;tc_dark_mode_responsive_hide_in_light&quot;:&quot;no&quot;}\" data-widget_type=\"heading.default\">\n\t\t\t\t<div class=\"elementor-widget-container\">\n\t\t\t\t\t<p class=\"elementor-heading-title elementor-size-default\">Sh\u00ebrbimi yn\u00eb i brandimit fokusohet n\u00eb kuptimin e tregut tuaj, audienc\u00ebs dhe objektivave t\u00eb biznesit, p\u00ebr t\u00eb nd\u00ebrtuar nj\u00eb baz\u00eb t\u00eb fort\u00eb brand-i. Ky proces p\u00ebrfshin p\u00ebrcaktimin e pozicionimit t\u00eb brand-it, tonit t\u00eb komunikimit, drejtimit vizual dhe struktur\u00ebs s\u00eb mesazheve, t\u00eb cilat aplikohen n\u00eb m\u00ebnyr\u00eb konsistente si n\u00eb platformat digjitale ashtu edhe ato offline.<\/p>\t\t\t\t<\/div>\n\t\t\t\t<\/div>\n\t\t\t\t<div class=\"elementor-element elementor-element-fe93d87 elementor-widget elementor-widget-heading\" data-id=\"fe93d87\" data-element_type=\"widget\" data-e-type=\"widget\" data-settings=\"{&quot;tc_dark_mode_responsive_hide_in_dark&quot;:&quot;no&quot;,&quot;tc_dark_mode_responsive_hide_in_light&quot;:&quot;no&quot;}\" data-widget_type=\"heading.default\">\n\t\t\t\t<div class=\"elementor-widget-container\">\n\t\t\t\t\t<p class=\"elementor-heading-title elementor-size-default\">Nj\u00eb strategji brandimi e zbatuar mir\u00eb i ndihmon bizneset t\u00eb diferencohen, t\u00eb nd\u00ebrtojn\u00eb besim dhe t\u00eb krijojn\u00eb njohje afatgjat\u00eb. \u00c7do projekt brandimi konceptohet p\u00ebr t\u00eb mb\u00ebshtetur rritjen, p\u00ebr t\u00eb forcuar perceptimin e brand-it dhe p\u00ebr t\u00eb siguruar q\u00eb identiteti juaj t\u00eb mbetet koherent nd\u00ebrsa biznesi juaj zhvillohet.<\/p>\t\t\t\t<\/div>\n\t\t\t\t<\/div>\n\t\t\t\t<\/div>\n\t\t\t\t<\/div>\n\t\t<div class=\"elementor-element elementor-element-dd3c4 e-con-full e-flex e-con e-child\" data-id=\"dd3c4\" data-element_type=\"container\" data-e-type=\"container\" data-settings=\"{&quot;tc_container_hover_selector&quot;:&quot;container&quot;,&quot;tc_container_background_parallax&quot;:&quot;no&quot;,&quot;tcg_advanced_hover&quot;:&quot;no&quot;,&quot;tc_dark_mode_responsive_hide_in_dark&quot;:&quot;no&quot;,&quot;tc_dark_mode_responsive_hide_in_light&quot;:&quot;no&quot;}\">\n\t\t<div class=\"elementor-element elementor-element-6a31e351 e-con-full e-flex e-con e-child\" data-id=\"6a31e351\" data-element_type=\"container\" data-e-type=\"container\" data-settings=\"{&quot;tc_container_hover_selector&quot;:&quot;container&quot;,&quot;tc_container_background_parallax&quot;:&quot;no&quot;,&quot;tcg_advanced_hover&quot;:&quot;no&quot;,&quot;tc_dark_mode_responsive_hide_in_dark&quot;:&quot;no&quot;,&quot;tc_dark_mode_responsive_hide_in_light&quot;:&quot;no&quot;}\">\n\t\t\t\t<div class=\"elementor-element elementor-element-478d2290 elementor-widget elementor-widget-image\" data-id=\"478d2290\" data-element_type=\"widget\" data-e-type=\"widget\" data-settings=\"{&quot;tc_dark_mode_responsive_hide_in_dark&quot;:&quot;no&quot;,&quot;tc_dark_mode_responsive_hide_in_light&quot;:&quot;no&quot;}\" data-widget_type=\"image.default\">\n\t\t\t\t<div class=\"elementor-widget-container\">\n\t\t\t\t\t\t\t\t\t\t\t\t\t\t\t<img decoding=\"async\" width=\"954\" height=\"944\" src=\"https:\/\/conceptmarketing.al\/wp-content\/uploads\/2026\/01\/Untitled-2.jpg\" class=\"attachment-full size-full wp-image-5634\" alt=\"\u2013 foto\/ilustrim | Concept Marketing Albania - Digital Marketing Agency\" title=\"\u2013 foto\/ilustrim | Concept Marketing Albania\">\t\t\t\t\t\t\t\t\t\t\t\t\t\t\t<\/div>\n\t\t\t\t<\/div>\n\t\t\t\t<\/div>\n\t\t<div class=\"elementor-element elementor-element-1da8e9bf e-con-full e-flex e-con e-child\" data-id=\"1da8e9bf\" data-element_type=\"container\" data-e-type=\"container\" data-settings=\"{&quot;tc_container_hover_selector&quot;:&quot;container&quot;,&quot;tc_container_background_parallax&quot;:&quot;no&quot;,&quot;tcg_advanced_hover&quot;:&quot;no&quot;,&quot;tc_dark_mode_responsive_hide_in_dark&quot;:&quot;no&quot;,&quot;tc_dark_mode_responsive_hide_in_light&quot;:&quot;no&quot;}\">\n\t\t\t\t<div class=\"elementor-element elementor-element-62c60d8e elementor-widget elementor-widget-image\" data-id=\"62c60d8e\" data-element_type=\"widget\" data-e-type=\"widget\" data-settings=\"{&quot;tc_dark_mode_responsive_hide_in_dark&quot;:&quot;no&quot;,&quot;tc_dark_mode_responsive_hide_in_light&quot;:&quot;no&quot;}\" data-widget_type=\"image.default\">\n\t\t\t\t<div class=\"elementor-widget-container\">\n\t\t\t\t\t\t\t\t\t\t\t\t\t\t\t<img decoding=\"async\" width=\"954\" height=\"944\" src=\"https:\/\/conceptmarketing.al\/wp-content\/uploads\/2026\/01\/fdsfs.jpg\" class=\"attachment-full size-full wp-image-5633\" alt=\"\u2013 foto\/ilustrim | Concept Marketing Albania - Digital Marketing Agency\" title=\"\u2013 foto\/ilustrim | Concept Marketing Albania\">\t\t\t\t\t\t\t\t\t\t\t\t\t\t\t<\/div>\n\t\t\t\t<\/div>\n\t\t\t\t<\/div>\n\t\t\t\t<\/div>\n\t\t<div class=\"elementor-element elementor-element-50a05481 e-con-full e-flex e-con e-child\" data-id=\"50a05481\" data-element_type=\"container\" data-e-type=\"container\" data-settings=\"{&quot;tc_container_hover_selector&quot;:&quot;container&quot;,&quot;tc_container_background_parallax&quot;:&quot;no&quot;,&quot;tcg_advanced_hover&quot;:&quot;no&quot;,&quot;tc_dark_mode_responsive_hide_in_dark&quot;:&quot;no&quot;,&quot;tc_dark_mode_responsive_hide_in_light&quot;:&quot;no&quot;}\">\n\t\t<div class=\"elementor-element elementor-element-66351222 e-con-full e-flex e-con e-child\" data-id=\"66351222\" data-element_type=\"container\" data-e-type=\"container\" data-settings=\"{&quot;tc_container_hover_selector&quot;:&quot;container&quot;,&quot;tc_container_background_parallax&quot;:&quot;no&quot;,&quot;tcg_advanced_hover&quot;:&quot;no&quot;,&quot;tc_dark_mode_responsive_hide_in_dark&quot;:&quot;no&quot;,&quot;tc_dark_mode_responsive_hide_in_light&quot;:&quot;no&quot;}\">\n\t\t\t\t<div class=\"elementor-element elementor-element-3a23f327 elementor-widget elementor-widget-heading\" data-id=\"3a23f327\" data-element_type=\"widget\" data-e-type=\"widget\" data-settings=\"{&quot;tc_dark_mode_responsive_hide_in_dark&quot;:&quot;no&quot;,&quot;tc_dark_mode_responsive_hide_in_light&quot;:&quot;no&quot;}\" data-widget_type=\"heading.default\">\n\t\t\t\t<div class=\"elementor-widget-container\">\n\t\t\t\t\t<h2 class=\"elementor-heading-title elementor-size-default\">Procesi i Brandimit<\/h2>\t\t\t\t<\/div>\n\t\t\t\t<\/div>\n\t\t\t\t<div class=\"elementor-element elementor-element-4d6d653 elementor-widget elementor-widget-heading\" data-id=\"4d6d653\" data-element_type=\"widget\" data-e-type=\"widget\" data-settings=\"{&quot;tc_dark_mode_responsive_hide_in_dark&quot;:&quot;no&quot;,&quot;tc_dark_mode_responsive_hide_in_light&quot;:&quot;no&quot;}\" data-widget_type=\"heading.default\">\n\t\t\t\t<div class=\"elementor-widget-container\">\n\t\t\t\t\t<h3 class=\"elementor-heading-title elementor-size-default\">Nd\u00ebrtimi i identiteteve t\u00eb q\u00ebndrueshme p\u00ebrmes nj\u00eb procesi t\u00eb strukturuar brandimi<\/h3>\t\t\t\t<\/div>\n\t\t\t\t<\/div>\n\t\t\t\t<div class=\"elementor-element elementor-element-51df4319 elementor-widget elementor-widget-heading\" data-id=\"51df4319\" data-element_type=\"widget\" data-e-type=\"widget\" data-settings=\"{&quot;tc_dark_mode_responsive_hide_in_dark&quot;:&quot;no&quot;,&quot;tc_dark_mode_responsive_hide_in_light&quot;:&quot;no&quot;}\" data-widget_type=\"heading.default\">\n\t\t\t\t<div class=\"elementor-widget-container\">\n\t\t\t\t\t<p class=\"elementor-heading-title elementor-size-default\">Procesi yn\u00eb i brandimit \u00ebsht\u00eb nd\u00ebrtuar p\u00ebr t\u00eb krijuar identitete t\u00eb forta dhe t\u00eb shkall\u00ebzueshme, duke kombinuar strategjin\u00eb, kreativitetin dhe konsistenc\u00ebn. \u00c7do hap siguron q\u00eb brand-i t\u00eb bazohet n\u00eb insight-e reale, jo n\u00eb supozime, dhe t\u00eb ket\u00eb mund\u00ebsin\u00eb t\u00eb rritet n\u00eb m\u00ebnyr\u00eb t\u00eb q\u00ebndrueshme me kalimin e koh\u00ebs.<\/p>\t\t\t\t<\/div>\n\t\t\t\t<\/div>\n\t\t\t\t<div class=\"elementor-element elementor-element-2e821a74 elementor-widget elementor-widget-tcgelements-accordion\" data-id=\"2e821a74\" data-element_type=\"widget\" data-e-type=\"widget\" data-settings=\"{&quot;tc_dark_mode_responsive_hide_in_dark&quot;:&quot;no&quot;,&quot;tc_dark_mode_responsive_hide_in_light&quot;:&quot;no&quot;}\" data-widget_type=\"tcgelements-accordion.default\">\n\t\t\t\t<div class=\"elementor-widget-container\">\n\t\t\t\t\t        <div class=\"tcgelements-accordion\"  id=\"accordion69d3afcc392ee\">\r\n                            <div class=\"accordion-item active\">\r\n                    <h2 class=\"accordion-header\">\r\n                        <button class=\"accordion-button custom\" data-bs-toggle=\"collapse\" data-bs-target=\"#collapse1accordion69d3afcc392ee\">\r\n                                                                                        <span class=\"count\">1.<\/span>\r\n                                                        Research                                                    <\/button>\r\n                    <\/h2>\r\n                    <div id=\"collapse1accordion69d3afcc392ee\" class=\"accordion-collapse collapse show\" data-bs-parent=\"#accordion69d3afcc392ee\">\r\n                        <div class=\"accordion-body\">\r\n                            <p>Ne analizojm\u00eb tregun, konkurrenc\u00ebn dhe audienc\u00ebn e synuar p\u00ebr t\u00eb kuptuar mund\u00ebsit\u00eb e pozicionimit dhe perceptimin e brand-it. Kjo faz\u00eb hulumtimi p\u00ebrcakton drejtimin strategjik t\u00eb brand-it p\u00ebrpara se t\u00eb merren vendime kreative.<\/p>                        <\/div>\r\n                    <\/div>\r\n                <\/div>\r\n                                <div class=\"accordion-item\">\r\n                    <h2 class=\"accordion-header\">\r\n                        <button class=\"accordion-button custom collapsed\" data-bs-toggle=\"collapse\" data-bs-target=\"#collapse2accordion69d3afcc392ee\">\r\n                                                                                        <span class=\"count\">2.<\/span>\r\n                                                        Brand Strategy & Concept                                                    <\/button>\r\n                    <\/h2>\r\n                    <div id=\"collapse2accordion69d3afcc392ee\" class=\"accordion-collapse collapse\" data-bs-parent=\"#accordion69d3afcc392ee\">\r\n                        <div class=\"accordion-body\">\r\n                            <p>Bazuar n\u00eb analizat e nxjerra nga hulumtimi, ne p\u00ebrcaktojm\u00eb pozicionimin e brand-it, vlerat, tonin e komunikimit dhe mesazhet kryesore. Ky hap p\u00ebrkthen strategjin\u00eb n\u00eb nj\u00eb koncept t\u00eb qart\u00eb brand-i, i cili udh\u00ebheq si identitetin vizual ashtu edhe at\u00eb verbal.<\/p>                        <\/div>\r\n                    <\/div>\r\n                <\/div>\r\n                                <div class=\"accordion-item\">\r\n                    <h2 class=\"accordion-header\">\r\n                        <button class=\"accordion-button custom collapsed\" data-bs-toggle=\"collapse\" data-bs-target=\"#collapse3accordion69d3afcc392ee\">\r\n                                                                                        <span class=\"count\">3.<\/span>\r\n                                                        Visual Identity Development                                                    <\/button>\r\n                    <\/h2>\r\n                    <div id=\"collapse3accordion69d3afcc392ee\" class=\"accordion-collapse collapse\" data-bs-parent=\"#accordion69d3afcc392ee\">\r\n                        <div class=\"accordion-body\">\r\n                            <p>Ne dizajnojm\u00eb element\u00ebt vizual\u00eb t\u00eb brand-it, duke p\u00ebrfshir\u00eb sistemet e logos, tipografin\u00eb, paletat e ngjyrave dhe udh\u00ebzimet grafike. Fokusi yn\u00eb \u00ebsht\u00eb krijimi i nj\u00eb identiteti koherent dhe leht\u00ebsisht t\u00eb dalluesh\u00ebm n\u00eb t\u00eb gjitha platformat.<\/p>                        <\/div>\r\n                    <\/div>\r\n                <\/div>\r\n                                <div class=\"accordion-item\">\r\n                    <h2 class=\"accordion-header\">\r\n                        <button class=\"accordion-button custom collapsed\" data-bs-toggle=\"collapse\" data-bs-target=\"#collapse4accordion69d3afcc392ee\">\r\n                                                                                        <span class=\"count\">4.<\/span>\r\n                                                        Brand Guidelines & Implementation                                                    <\/button>\r\n                    <\/h2>\r\n                    <div id=\"collapse4accordion69d3afcc392ee\" class=\"accordion-collapse collapse\" data-bs-parent=\"#accordion69d3afcc392ee\">\r\n                        <div class=\"accordion-body\">\r\n                            <p data-start=\"1345\" data-end=\"1528\">Ne dokumentojm\u00eb sistemin e brand-it dhe mb\u00ebshtesim zbatimin e tij n\u00eb t\u00eb gjitha pikat e kontaktit, si n\u00eb platformat digjitale ashtu edhe ato offline. Kjo siguron konsistenc\u00eb, shkall\u00ebzueshm\u00ebri dhe kontroll afatgjat\u00eb t\u00eb identitetit t\u00eb brand-it.<\/p>                        <\/div>\r\n                    <\/div>\r\n                <\/div>\r\n                        <\/div>\r\n        \t\t\t\t<\/div>\n\t\t\t\t<\/div>\n\t\t\t\t<div class=\"elementor-element elementor-element-9cbfd4e elementor-align-left elementor-widget elementor-widget-tcgelements-button\" data-id=\"9cbfd4e\" data-element_type=\"widget\" data-e-type=\"widget\" data-settings=\"{&quot;tc_dark_mode_responsive_hide_in_dark&quot;:&quot;no&quot;,&quot;tc_dark_mode_responsive_hide_in_light&quot;:&quot;no&quot;}\" data-widget_type=\"tcgelements-button.default\">\n\t\t\t\t<div class=\"elementor-widget-container\">\n\t\t\t\t\t                            <a  href=\"https:\/\/conceptmarketing.al\/sq\/services\/\"  class=\"tcgelements-button btn-selector-type-button btn-text-selector-type-button  tcgelements-responsive-break-line\"  >\r\n                            <span class=\"tcgelements-button-content-wrapper\">\r\n                                                                                <span class=\"tcgelements-button-text\">\r\n                        Zbulo t\u00eb gjitha sh\u00ebrbimet                    <\/span>\r\n                                                                                    <span class=\"tcgelements-button-icon tcgelements-align-icon-right hover-animation-none\">\r\n                            <svg xmlns=\"http:\/\/www.w3.org\/2000\/svg\" width=\"24\" height=\"24\" viewbox=\"0 0 24 24\" fill=\"none\"><path d=\"M21 3V16.4751H19.5083V5.53591L4.0442 21L3 19.9061L18.4144 4.49171H7.47514V3H21Z\" fill=\"black\"><\/path><\/svg>                        <\/span>\r\n                                    <\/span>\r\n                            <\/a>\r\n                        \t\t\t\t<\/div>\n\t\t\t\t<\/div>\n\t\t\t\t<\/div>\n\t\t\t\t<\/div>\n\t\t\t\t\t<\/div>\n\t\t\t\t<\/div>\n\t\t\t\t<\/div>","protected":false},"excerpt":{"rendered":"<p>Branding Branding is the process of defining a clear, consistent, and recognizable identity for your business. We create branding systems that align strategy, visual identity, and communication to ensure your brand is perceived with clarity and credibility across all channels. Brand Strategy Visual Identity Brand Guidelines We combine our passion Our branding service focuses on understanding your market, audience, and &hellip;<\/p>","protected":false},"author":1,"featured_media":6095,"parent":1005,"menu_order":0,"comment_status":"closed","ping_status":"closed","template":"blank-builder.php","meta":{"inline_featured_image":false,"footnotes":""},"class_list":["post-1007","page","type-page","status-publish","has-post-thumbnail","hentry"],"_links":{"self":[{"href":"https:\/\/conceptmarketing.al\/sq\/wp-json\/wp\/v2\/pages\/1007","targetHints":{"allow":["GET"]}}],"collection":[{"href":"https:\/\/conceptmarketing.al\/sq\/wp-json\/wp\/v2\/pages"}],"about":[{"href":"https:\/\/conceptmarketing.al\/sq\/wp-json\/wp\/v2\/types\/page"}],"author":[{"embeddable":true,"href":"https:\/\/conceptmarketing.al\/sq\/wp-json\/wp\/v2\/users\/1"}],"replies":[{"embeddable":true,"href":"https:\/\/conceptmarketing.al\/sq\/wp-json\/wp\/v2\/comments?post=1007"}],"version-history":[{"count":15,"href":"https:\/\/conceptmarketing.al\/sq\/wp-json\/wp\/v2\/pages\/1007\/revisions"}],"predecessor-version":[{"id":6151,"href":"https:\/\/conceptmarketing.al\/sq\/wp-json\/wp\/v2\/pages\/1007\/revisions\/6151"}],"up":[{"embeddable":true,"href":"https:\/\/conceptmarketing.al\/sq\/wp-json\/wp\/v2\/pages\/1005"}],"wp:featuredmedia":[{"embeddable":true,"href":"https:\/\/conceptmarketing.al\/sq\/wp-json\/wp\/v2\/media\/6095"}],"wp:attachment":[{"href":"https:\/\/conceptmarketing.al\/sq\/wp-json\/wp\/v2\/media?parent=1007"}],"curies":[{"name":"wp","href":"https:\/\/api.w.org\/{rel}","templated":true}]}}